{"id":11159,"date":"2020-05-05T14:00:25","date_gmt":"2020-05-05T12:00:25","guid":{"rendered":"https:\/\/tsei.ch\/pagina-iniziale\/"},"modified":"2020-05-05T14:00:25","modified_gmt":"2020-05-05T12:00:25","slug":"pagina-iniziale","status":"publish","type":"page","link":"https:\/\/tsei.ch\/it\/pagina-iniziale\/","title":{"rendered":"Pagina iniziale"},"content":{"rendered":"<style type=\"text\/css\"><\/style><div id=\"cmsms_row_69e182b84d1ca4_57298588\" class=\"cmsms_row cmsms_color_scheme_default\">\n<div class=\"cmsms_row_outer_parent\">\n<div class=\"cmsms_row_outer\">\n<div class=\"cmsms_row_inner\">\n<div class=\"cmsms_row_margin\">\n<div class=\"cmsms_column one_first\">\n<div class=\"cmsms_text\">\n<h2>Chi siamo<\/h2>\n<p>Nel 2013 \u00e8 stato fondato per vivere, mantenere vivi e trasferire i nostri valori culturali alle nuove generazioni. L&#8217;obiettivo \u00e8 quello di creare un ciclo educativo con la logica dell&#8217;imparare, applicare, insegnare e di organizzare attivit\u00e0 artistiche con persone che si sono riunite con questa consapevolezza e di diffondere la nostra cultura a grandi masse.<\/p>\n<p>L&#8217;obiettivo \u00e8 quello di accrescere la solidariet\u00e0 tra persone e culture dando importanza alla dimensione sociale e a quella educativa nelle attivit\u00e0 artistiche. Musica, danze popolari, arte della pittura e della marmorizzazione, corsi di strumenti, note, solfeggio, corsi di San sono impartiti all&#8217;interno della sua struttura.<\/p>\n<p>Con tutte queste caratteristiche, l&#8217;Istituto Svizzero d&#8217;Arte Turca \u00e8 il primo del suo genere in Svizzera.<\/p>\n<p>&nbsp;<\/p>\n<\/div>\n<\/div>\n<\/div>\n<\/div>\n<\/div>\n<\/div>\n<\/div>\n\n","protected":false},"excerpt":{"rendered":"","protected":false},"author":2,"featured_media":0,"parent":0,"menu_order":0,"comment_status":"closed","ping_status":"closed","template":"","meta":{"_acf_changed":false,"footnotes":""},"class_list":["post-11159","page","type-page","status-publish","hentry"],"acf":[],"_links":{"self":[{"href":"https:\/\/tsei.ch\/it\/wp-json\/wp\/v2\/pages\/11159","targetHints":{"allow":["GET"]}}],"collection":[{"href":"https:\/\/tsei.ch\/it\/wp-json\/wp\/v2\/pages"}],"about":[{"href":"https:\/\/tsei.ch\/it\/wp-json\/wp\/v2\/types\/page"}],"author":[{"embeddable":true,"href":"https:\/\/tsei.ch\/it\/wp-json\/wp\/v2\/users\/2"}],"replies":[{"embeddable":true,"href":"https:\/\/tsei.ch\/it\/wp-json\/wp\/v2\/comments?post=11159"}],"version-history":[{"count":0,"href":"https:\/\/tsei.ch\/it\/wp-json\/wp\/v2\/pages\/11159\/revisions"}],"wp:attachment":[{"href":"https:\/\/tsei.ch\/it\/wp-json\/wp\/v2\/media?parent=11159"}],"curies":[{"name":"wp","href":"https:\/\/api.w.org\/{rel}","templated":true}]}}