{"id":11294,"date":"2023-11-06T15:27:44","date_gmt":"2023-11-06T14:27:44","guid":{"rendered":"https:\/\/tsei.ch\/merci-de-votre-attention\/"},"modified":"2023-11-06T15:27:44","modified_gmt":"2023-11-06T14:27:44","slug":"merci-de-votre-attention","status":"publish","type":"page","link":"https:\/\/tsei.ch\/fr\/merci-de-votre-attention\/","title":{"rendered":"Merci de votre attention"},"content":{"rendered":"<style type=\"text\/css\"><\/style><div class=\"swpm-ty-page-registration\"><div class=\"swpm-ty-page-registration-link swpm-no-user-found swpm-yellow-box\">Si vous venez de faire un paiement pour un abonnement, votre paiement est actuellement en traitement. Veuillez v\u00e9rifier \u00e0 nouveau dans quelques minutes. Un e-mail vous sera prochainement envoy\u00e9 avec tous les d\u00e9tails.<\/div><\/div>\n","protected":false},"excerpt":{"rendered":"","protected":false},"author":8,"featured_media":0,"parent":0,"menu_order":0,"comment_status":"closed","ping_status":"closed","template":"","meta":{"_acf_changed":false,"footnotes":""},"class_list":["post-11294","page","type-page","status-publish","hentry"],"acf":[],"_links":{"self":[{"href":"https:\/\/tsei.ch\/fr\/wp-json\/wp\/v2\/pages\/11294","targetHints":{"allow":["GET"]}}],"collection":[{"href":"https:\/\/tsei.ch\/fr\/wp-json\/wp\/v2\/pages"}],"about":[{"href":"https:\/\/tsei.ch\/fr\/wp-json\/wp\/v2\/types\/page"}],"author":[{"embeddable":true,"href":"https:\/\/tsei.ch\/fr\/wp-json\/wp\/v2\/users\/8"}],"replies":[{"embeddable":true,"href":"https:\/\/tsei.ch\/fr\/wp-json\/wp\/v2\/comments?post=11294"}],"version-history":[{"count":0,"href":"https:\/\/tsei.ch\/fr\/wp-json\/wp\/v2\/pages\/11294\/revisions"}],"wp:attachment":[{"href":"https:\/\/tsei.ch\/fr\/wp-json\/wp\/v2\/media?parent=11294"}],"curies":[{"name":"wp","href":"https:\/\/api.w.org\/{rel}","templated":true}]}}