{"id":11239,"date":"2015-09-29T09:59:03","date_gmt":"2015-09-29T07:59:03","guid":{"rendered":"https:\/\/tsei.ch\/dates-de-la-tournee\/"},"modified":"2015-09-29T09:59:03","modified_gmt":"2015-09-29T07:59:03","slug":"dates-de-la-tournee","status":"publish","type":"page","link":"https:\/\/tsei.ch\/fr\/dates-de-la-tournee\/","title":{"rendered":"Dates de la tourn\u00e9e"},"content":{"rendered":"<style type=\"text\/css\"> \n#cmsms_row_69e0eb4bd5cf86_26797942 { \n\tbackground-image: url(https:\/\/tsei.ch\/wp-content\/uploads\/2015\/05\/05.jpg); \n\tbackground-position: top center; \n\tbackground-repeat: no-repeat; \n\tbackground-attachment: scroll; \n\tbackground-size: cover; \n} \n\n#cmsms_row_69e0eb4bd5cf86_26797942 .cmsms_row_outer_parent { \n\tpadding-top: 360px; \n} \n\n#cmsms_row_69e0eb4bd5cf86_26797942 .cmsms_row_outer_parent { \n\tpadding-bottom: 400px; \n} \n\n \n#cmsms_heading_69e0eb4bd61309_13928603 { \n\ttext-align:center; \n\tmargin-top:0px; \n\tmargin-bottom:0px; \n} \n\n#cmsms_heading_69e0eb4bd61309_13928603 .cmsms_heading { \n\ttext-align:center; \n} \n\n#cmsms_heading_69e0eb4bd61309_13928603 .cmsms_heading, #cmsms_heading_69e0eb4bd61309_13928603 .cmsms_heading a { \n\tfont-size:200px; \n\tline-height:220px; \n\tfont-weight:bold; \n\tfont-style:normal; \n\tcolor:#ffffff;\n} \n\n#cmsms_heading_69e0eb4bd61309_13928603 .cmsms_heading_divider { \n} \n\n@media (max-width: 767px) {\n\n#cmsms_heading_69e0eb4bd61309_13928603 .cmsms_heading, #cmsms_heading_69e0eb4bd61309_13928603 .cmsms_heading a { \n\tfont-size:90px; \n\tline-height:100px; \n} \n\n} \n\n \n#cmsms_row_69e0eb4bd61da6_85560072 .cmsms_row_outer_parent { \n\tpadding-top: 90px; \n} \n\n#cmsms_row_69e0eb4bd61da6_85560072 .cmsms_row_outer_parent { \n\tpadding-bottom: 80px; \n} \n\n \n#cmsms_row_69e0eb4bd63c32_77665224 { \n\tbackground-color:#fff001;\n} \n\n#cmsms_row_69e0eb4bd63c32_77665224 .cmsms_row_outer_parent { \n\tpadding-top: 80px; \n} \n\n#cmsms_row_69e0eb4bd63c32_77665224 .cmsms_row_outer_parent { \n\tpadding-bottom: 70px; \n} \n\n \n#cmsms_heading_69e0eb4bd652e1_27133925 { \n\ttext-align:left; \n\tmargin-top:0px; \n\tmargin-bottom:15px; \n} \n\n#cmsms_heading_69e0eb4bd652e1_27133925 .cmsms_heading { \n\ttext-align:left; \n} \n\n#cmsms_heading_69e0eb4bd652e1_27133925 .cmsms_heading, #cmsms_heading_69e0eb4bd652e1_27133925 .cmsms_heading a { \n\tfont-weight:bold; \n\tfont-style:normal; \n} \n\n#cmsms_heading_69e0eb4bd652e1_27133925 .cmsms_heading_divider { \n} \n\n \n#cmsms_divider_69e0eb4bd66695_10317317 { \n\tborder-bottom-width:0px; \n\tborder-bottom-style:solid; \n\tpadding-top:30px; \n\tmargin-bottom:0px; \n} \n\n#cmsms_button_69e0eb4bd66b62_84188891 { \n\ttext-align:center; \n} \n\n#cmsms_button_69e0eb4bd66b62_84188891 .cmsms_button:before { \n\tmargin-right:.5em; \n\tmargin-left:0; \n\tvertical-align:baseline; \n} \n\n#cmsms_button_69e0eb4bd66b62_84188891 .cmsms_button { \n\tfont-size:20px; \n\tline-height:40px; \n\tfont-weight:bold; \n\tfont-style:normal; \n\tpadding-right:30px; \n\tpadding-left:30px; \n\tborder-style:solid; \n\tbackground-color:rgba(153,153,153,0);\n} \n#cmsms_button_69e0eb4bd66b62_84188891 .cmsms_button:hover { \n\tbackground-color:#111111;\n\tcolor:#ffffff;\n\tborder-color:#111111;\n} \n<\/style><div id=\"cmsms_row_69e0eb4bd5cf86_26797942\" class=\"cmsms_row cmsms_color_scheme_default\" data-stellar-background-ratio=\"0.5\">\n<div class=\"cmsms_row_outer_parent\">\n<div class=\"cmsms_row_outer\">\n<div class=\"cmsms_row_inner\">\n<div class=\"cmsms_row_margin\">\n<div class=\"cmsms_column one_first\">\n\n<div id=\"cmsms_heading_69e0eb4bd61309_13928603\" class=\"cmsms_heading_wrap cmsms_heading_align_center\">\n\t<h1 class=\"cmsms_heading\">TOUR 2017<\/h1>\n<\/div>\n<\/div>\n<\/div>\n<\/div>\n<\/div>\n<\/div>\n<\/div>\n<div id=\"cmsms_row_69e0eb4bd61da6_85560072\" class=\"cmsms_row cmsms_color_scheme_default\">\n<div class=\"cmsms_row_outer_parent\">\n<div class=\"cmsms_row_outer\">\n<div class=\"cmsms_row_inner\">\n<div class=\"cmsms_row_margin\">\n<div class=\"cmsms_column one_half\">\n<div class=\"cmsms_sidebar sidebar_layout_11\"><div class=\"cl\"><\/div>\n<\/div>\n<\/div>\n<div class=\"cmsms_column one_half\">\n<div class=\"cmsms_sidebar sidebar_layout_11\"><div class=\"cl\"><\/div>\n<\/div>\n<\/div>\n<\/div>\n<\/div>\n<\/div>\n<\/div>\n<\/div>\n<div id=\"cmsms_row_69e0eb4bd63c32_77665224\" class=\"cmsms_row cmsms_color_scheme_default\">\n<div class=\"cmsms_row_outer_parent\">\n<div class=\"cmsms_row_outer\">\n<div class=\"cmsms_row_inner\">\n<div class=\"cmsms_row_margin\">\n<div class=\"cmsms_column two_third\">\n\n<div id=\"cmsms_heading_69e0eb4bd652e1_27133925\" class=\"cmsms_heading_wrap cmsms_heading_align_left\">\n\t<h2 class=\"cmsms_heading\">R\u00c9SERVEZ VOS BILLETS EN LIGNE !<\/h2>\n<\/div><div class=\"cmsms_text\">\n<p style=\"text-align: left;\">N&rsquo;oubliez pas de vous abonner \u00e0 notre cha\u00eene de vid\u00e9os musicales sur <strong><br \/>\n  <a href=\"http:\/\/music-band.cmsmasters.net\/music-videos\/#\">YouTube <\/a><br \/>\n<\/strong>et <strong><br \/>\n  <a href=\"http:\/\/music-band.cmsmasters.net\/music-videos\/#\">Vimeo <\/a><br \/>\n<\/strong>et soyez les premiers \u00e0 regarder les nouveaux hits de The Band sur&nbsp;!&nbsp;L&rsquo;essor de la musique num\u00e9rique menace l&rsquo;une des plus grandes toiles de l&rsquo;art.<\/p>\n<\/div>\n<\/div>\n<div class=\"cmsms_column one_third\">\n\n<div id=\"cmsms_divider_69e0eb4bd66695_10317317\" class=\"cl\"><\/div>\n<div id=\"cmsms_button_69e0eb4bd66b62_84188891\" class=\"button_wrap\"><a href=\"http:\/\/music-band.cmsmasters.net\/tickets\/\" class=\"cmsms_button\"><span>R\u00e9servez mon billet !<\/span><\/a><\/div>\n<\/div>\n<\/div>\n<\/div>\n<\/div>\n<\/div>\n<\/div>\n\n","protected":false},"excerpt":{"rendered":"","protected":false},"author":2,"featured_media":0,"parent":0,"menu_order":0,"comment_status":"closed","ping_status":"closed","template":"","meta":{"_acf_changed":false,"footnotes":""},"class_list":["post-11239","page","type-page","status-publish","hentry"],"acf":[],"_links":{"self":[{"href":"https:\/\/tsei.ch\/fr\/wp-json\/wp\/v2\/pages\/11239","targetHints":{"allow":["GET"]}}],"collection":[{"href":"https:\/\/tsei.ch\/fr\/wp-json\/wp\/v2\/pages"}],"about":[{"href":"https:\/\/tsei.ch\/fr\/wp-json\/wp\/v2\/types\/page"}],"author":[{"embeddable":true,"href":"https:\/\/tsei.ch\/fr\/wp-json\/wp\/v2\/users\/2"}],"replies":[{"embeddable":true,"href":"https:\/\/tsei.ch\/fr\/wp-json\/wp\/v2\/comments?post=11239"}],"version-history":[{"count":0,"href":"https:\/\/tsei.ch\/fr\/wp-json\/wp\/v2\/pages\/11239\/revisions"}],"wp:attachment":[{"href":"https:\/\/tsei.ch\/fr\/wp-json\/wp\/v2\/media?parent=11239"}],"curies":[{"name":"wp","href":"https:\/\/api.w.org\/{rel}","templated":true}]}}