{"id":11160,"date":"2020-05-05T14:00:25","date_gmt":"2020-05-05T12:00:25","guid":{"rendered":"https:\/\/tsei.ch\/page-daccueil\/"},"modified":"2020-05-05T14:00:25","modified_gmt":"2020-05-05T12:00:25","slug":"page-daccueil","status":"publish","type":"page","link":"https:\/\/tsei.ch\/fr\/page-daccueil\/","title":{"rendered":"Page d&rsquo;accueil"},"content":{"rendered":"<style type=\"text\/css\"><\/style><div id=\"cmsms_row_69e1c0001e8d25_72860805\" class=\"cmsms_row cmsms_color_scheme_default\">\n<div class=\"cmsms_row_outer_parent\">\n<div class=\"cmsms_row_outer\">\n<div class=\"cmsms_row_inner\">\n<div class=\"cmsms_row_margin\">\n<div class=\"cmsms_column one_first\">\n<div class=\"cmsms_text\">\n<h2>\u00c0 propos de nous<\/h2>\n<p>En 2013, elle a \u00e9t\u00e9 cr\u00e9\u00e9e pour vivre, maintenir en vie et transmettre nos valeurs culturelles aux nouvelles g\u00e9n\u00e9rations. Il vise \u00e0 cr\u00e9er un cycle \u00e9ducatif selon la logique \u00ab\u00a0apprendre, appliquer, enseigner\u00a0\u00bb et \u00e0 organiser des activit\u00e9s artistiques avec des personnes qui se sont r\u00e9unies dans cette optique et \u00e0 diffuser notre culture \u00e0 un grand nombre de personnes.<\/p>\n<p>L&rsquo;objectif est de renforcer la solidarit\u00e9 entre les personnes et les cultures en accordant de l&rsquo;importance \u00e0 la dimension sociale et \u00e0 la dimension \u00e9ducative dans les activit\u00e9s artistiques. La musique, les danses folkloriques, la peinture et le marbrage, les cours d&rsquo;instruments, les cours de notes, de solf\u00e8ge et de san sont dispens\u00e9s dans le cadre de cette structure.<\/p>\n<p>Avec toutes ces caract\u00e9ristiques, l&rsquo;Institut suisse d&rsquo;art turc est le premier du genre en Suisse.<\/p>\n<p>&nbsp;<\/p>\n<\/div>\n<\/div>\n<\/div>\n<\/div>\n<\/div>\n<\/div>\n<\/div>\n\n","protected":false},"excerpt":{"rendered":"","protected":false},"author":2,"featured_media":0,"parent":0,"menu_order":0,"comment_status":"closed","ping_status":"closed","template":"","meta":{"_acf_changed":false,"footnotes":""},"class_list":["post-11160","page","type-page","status-publish","hentry"],"acf":[],"_links":{"self":[{"href":"https:\/\/tsei.ch\/fr\/wp-json\/wp\/v2\/pages\/11160","targetHints":{"allow":["GET"]}}],"collection":[{"href":"https:\/\/tsei.ch\/fr\/wp-json\/wp\/v2\/pages"}],"about":[{"href":"https:\/\/tsei.ch\/fr\/wp-json\/wp\/v2\/types\/page"}],"author":[{"embeddable":true,"href":"https:\/\/tsei.ch\/fr\/wp-json\/wp\/v2\/users\/2"}],"replies":[{"embeddable":true,"href":"https:\/\/tsei.ch\/fr\/wp-json\/wp\/v2\/comments?post=11160"}],"version-history":[{"count":0,"href":"https:\/\/tsei.ch\/fr\/wp-json\/wp\/v2\/pages\/11160\/revisions"}],"wp:attachment":[{"href":"https:\/\/tsei.ch\/fr\/wp-json\/wp\/v2\/media?parent=11160"}],"curies":[{"name":"wp","href":"https:\/\/api.w.org\/{rel}","templated":true}]}}