{"id":11365,"date":"2024-01-08T10:27:49","date_gmt":"2024-01-08T09:27:49","guid":{"rendered":"https:\/\/tsei.ch\/huseyin-husnu-ustun\/"},"modified":"2024-01-10T13:38:07","modified_gmt":"2024-01-10T12:38:07","slug":"huseyin-husnu-ustun","status":"publish","type":"page","link":"https:\/\/tsei.ch\/en\/huseyin-husnu-ustun\/","title":{"rendered":"H\u00fcseyin H\u00fcsn\u00fc \u00dcst\u00fcn"},"content":{"rendered":"<style type=\"text\/css\"><\/style>\t\t<div data-elementor-type=\"wp-page\" data-elementor-id=\"11365\" class=\"elementor elementor-11365 elementor-8292\">\n\t\t\t\t<div class=\"elementor-element elementor-element-2c81bcb e-flex e-con-boxed e-con e-parent\" data-id=\"2c81bcb\" data-element_type=\"container\">\n\t\t\t\t\t<div class=\"e-con-inner\">\n\t\t\t\t<div class=\"elementor-element elementor-element-29d3f0d elementor-widget elementor-widget-image\" data-id=\"29d3f0d\" data-element_type=\"widget\" data-widget_type=\"image.default\">\n\t\t\t\t<div class=\"elementor-widget-container\">\n\t\t\t\t\t\t\t\t\t\t\t\t\t\t\t<img fetchpriority=\"high\" decoding=\"async\" width=\"1024\" height=\"341\" src=\"https:\/\/tsei.ch\/wp-content\/uploads\/2023\/12\/aralik_2023_Konser-1024x341.jpg\" class=\"attachment-large size-large wp-image-8264\" alt=\"\" srcset=\"https:\/\/tsei.ch\/wp-content\/uploads\/2023\/12\/aralik_2023_Konser-1024x341.jpg 1024w, https:\/\/tsei.ch\/wp-content\/uploads\/2023\/12\/aralik_2023_Konser-600x200.jpg 600w, https:\/\/tsei.ch\/wp-content\/uploads\/2023\/12\/aralik_2023_Konser-300x100.jpg 300w, https:\/\/tsei.ch\/wp-content\/uploads\/2023\/12\/aralik_2023_Konser-768x256.jpg 768w, https:\/\/tsei.ch\/wp-content\/uploads\/2023\/12\/aralik_2023_Konser-580x193.jpg 580w, https:\/\/tsei.ch\/wp-content\/uploads\/2023\/12\/aralik_2023_Konser-860x287.jpg 860w, https:\/\/tsei.ch\/wp-content\/uploads\/2023\/12\/aralik_2023_Konser-1160x387.jpg 1160w, https:\/\/tsei.ch\/wp-content\/uploads\/2023\/12\/aralik_2023_Konser-1320x440.jpg 1320w, https:\/\/tsei.ch\/wp-content\/uploads\/2023\/12\/aralik_2023_Konser.jpg 1500w\" sizes=\"(max-width: 1024px) 100vw, 1024px\" \/>\t\t\t\t\t\t\t\t\t\t\t\t\t\t\t<\/div>\n\t\t\t\t<\/div>\n\t\t\t\t\t<\/div>\n\t\t\t\t<\/div>\n\t\t<div class=\"elementor-element elementor-element-5941b29 e-flex e-con-boxed e-con e-parent\" data-id=\"5941b29\" data-element_type=\"container\">\n\t\t\t\t\t<div class=\"e-con-inner\">\n\t\t\t\t<div class=\"elementor-element elementor-element-c441b52 elementor-widget elementor-widget-text-editor\" data-id=\"c441b52\" data-element_type=\"widget\" data-widget_type=\"text-editor.default\">\n\t\t\t\t<div class=\"elementor-widget-container\">\n\t\t\t\t\t\t\t\t\t<p>H\u00fcseyin H\u00fcsn\u00fc \u00dcST\u00dcN was born in Istanbul on June 20, 1956. Her mother<\/p>\n<div dir=\"auto\">Mrs. Zuhal, his father is R\u00fc\u015ft\u00fc \u00dcst\u00fcn. has two older sisters. His brother passed away<\/div>\n<div dir=\"auto\">has done so.<\/div>\n<div dir=\"auto\">H\u00fcsn\u00fc \u00dcst\u00fcn is the grandson of Hafiz H\u00fcsn\u00fc from Bulgurl\u01b0&#8217;lu, the Qur&#8217;an Haftzi of the 1940s.<\/div>\n<div dir=\"auto\">named after him.<\/div>\n<div dir=\"auto\"> <\/div>\n<div dir=\"auto\">In 1969, he composed his first Nihavend song. In Turkish music, especially few<\/div>\n<div dir=\"auto\">There are studies on the maqams used in the Turkish language. (like Huzi and Pesendide)<\/div>\n<div dir=\"auto\">He composed the Nadire makam named after his late grandmother. Turkish<\/div>\n<div dir=\"auto\">His deep love for music comes from his family, his late father, the late R\u00fc\u015ft\u00fc<\/div>\n<div dir=\"auto\">Superior was a very good commentator. His brother Nurettin \u00dcst\u00fcn, their older sister who loved music<\/div>\n<div dir=\"auto\">Nilg\u00fcn \u00d6zba\u015far, Belk\u0131z Deniz and Esi Edibe \u00dcst\u00fcn<\/div>\n<div dir=\"auto\">support has played a major role in his professional development.<\/div>\n<div dir=\"auto\">In 1977, she started her conservatory education. Bekir SITKI SEZG\u0130N, Cevdet \u00c7A\u011eLA,<\/div>\n<div dir=\"auto\">He benefited from Halil AKSOY, Sadetttin HEPER and Yavuz \u00d6Z\u00dcST\u00dcN. his first composition<\/div>\n<div dir=\"auto\">He did it in 1976. &#8220;Which Trouble Are You Mired In, What Is It?&#8221; in the makam of Kurdili Hicazkar<\/div>\n<div dir=\"auto\">Your cry, G\u00f6n\u00fcl?&#8221; in the hands of a friend, his teacher Cevdet<\/div>\n<div dir=\"auto\">\u00c7A\u011eLA called him and congratulated him on his success and invited him to write new compositions.<\/div>\n<div dir=\"auto\">to do it. This incident is both H\u00fcsn\u00fc \u00dcST\u00dcN&#8217;s unforgettable memories<\/div>\n<div dir=\"auto\">and created H\u00fcsn\u00fc \u00dcST\u00dcN, the popular composer of today.<\/div>\n<div dir=\"auto\">He was also encouraged by Mutlu TORUN and Halil AKSOY in composition.<\/div>\n<div dir=\"auto\">His father was interested in music as an amateur musician, so he was interested in music at primary school age.<\/div>\n<div dir=\"auto\">H\u00fcsn\u016f \u00dcst\u00fcn started taking guitar lessons from Ziya AYDINTAN in 1972.<\/div>\n<div dir=\"auto\">These lessons continued for about a year, and one evening his father brought home the lute belonging to a friend of his father.<\/div>\n<div dir=\"auto\">to bring him back. This time, for oud and repertoire lessons, \u00dcsk\u00fcdar Musiki<\/div>\n<div dir=\"auto\">He enrolled in the Society. For four years, under the leadership of the late Emin OLGAN<\/div>\n<div dir=\"auto\">and laid the foundation of today&#8217;s musical knowledge. Uskudar music<\/div>\n<div dir=\"auto\">society, Emin OLGAN and \u015eeref \u00c7AKAR, and Kad\u0131k\u00f6y Musiki<\/div>\n<div dir=\"auto\">In his association; he took lessons from Mrs. Melahat Pars. Also Amir ATE\u015e and<\/div>\n<p>he benefited from the late B\u00fclent T\u00dcRKEL\u0130.<\/p>\n\t\t\t\t\t\t\t\t<\/div>\n\t\t\t\t<\/div>\n\t\t\t\t\t<\/div>\n\t\t\t\t<\/div>\n\t\t\t\t<\/div>\n\t\t","protected":false},"excerpt":{"rendered":"<p>H\u00fcseyin H\u00fcsn\u00fc \u00dcST\u00dcN was born in Istanbul on June 20, 1956. Her mother Mrs. Zuhal, his father is R\u00fc\u015ft\u00fc \u00dcst\u00fcn. has two older sisters. His brother passed away has done&#8230;<\/p>\n","protected":false},"author":8,"featured_media":0,"parent":0,"menu_order":0,"comment_status":"closed","ping_status":"closed","template":"","meta":{"_acf_changed":false,"footnotes":""},"class_list":["post-11365","page","type-page","status-publish","hentry"],"acf":[],"_links":{"self":[{"href":"https:\/\/tsei.ch\/en\/wp-json\/wp\/v2\/pages\/11365","targetHints":{"allow":["GET"]}}],"collection":[{"href":"https:\/\/tsei.ch\/en\/wp-json\/wp\/v2\/pages"}],"about":[{"href":"https:\/\/tsei.ch\/en\/wp-json\/wp\/v2\/types\/page"}],"author":[{"embeddable":true,"href":"https:\/\/tsei.ch\/en\/wp-json\/wp\/v2\/users\/8"}],"replies":[{"embeddable":true,"href":"https:\/\/tsei.ch\/en\/wp-json\/wp\/v2\/comments?post=11365"}],"version-history":[{"count":1,"href":"https:\/\/tsei.ch\/en\/wp-json\/wp\/v2\/pages\/11365\/revisions"}],"predecessor-version":[{"id":11368,"href":"https:\/\/tsei.ch\/en\/wp-json\/wp\/v2\/pages\/11365\/revisions\/11368"}],"wp:attachment":[{"href":"https:\/\/tsei.ch\/en\/wp-json\/wp\/v2\/media?parent=11365"}],"curies":[{"name":"wp","href":"https:\/\/api.w.org\/{rel}","templated":true}]}}