{"id":11363,"date":"2023-12-21T11:11:28","date_gmt":"2023-12-21T10:11:28","guid":{"rendered":"https:\/\/tsei.ch\/video-gallery\/"},"modified":"2023-12-21T11:11:28","modified_gmt":"2023-12-21T10:11:28","slug":"video-gallery","status":"publish","type":"page","link":"https:\/\/tsei.ch\/en\/video-gallery\/","title":{"rendered":"Video Gallery"},"content":{"rendered":"<style type=\"text\/css\"> \n#cmsms_row_69e02df43b86f6_18932433 .cmsms_row_outer_parent { \n\tpadding-top: 0px; \n} \n\n#cmsms_row_69e02df43b86f6_18932433 .cmsms_row_outer_parent { \n\tpadding-bottom: 50px; \n} \n\n \n#cmsms_heading_69e02df43bac32_42454962 { \n\ttext-align:left; \n\tmargin-top:0px; \n\tmargin-bottom:20px; \n} \n\n#cmsms_heading_69e02df43bac32_42454962 .cmsms_heading { \n\ttext-align:left; \n} \n\n#cmsms_heading_69e02df43bac32_42454962 .cmsms_heading, #cmsms_heading_69e02df43bac32_42454962 .cmsms_heading a { \n\tfont-weight:normal; \n\tfont-style:normal; \n} \n\n#cmsms_heading_69e02df43bac32_42454962 .cmsms_heading_divider { \n} \n\n \n#cmsms_row_69e02df43bb683_35312977 .cmsms_row_outer_parent { \n\tpadding-top: 0px; \n} \n\n#cmsms_row_69e02df43bb683_35312977 .cmsms_row_outer_parent { \n\tpadding-bottom: 50px; \n} \n\n \n#cmsms_row_69e02df43bbea3_98984150 .cmsms_row_outer_parent { \n\tpadding-top: 0px; \n} \n\n#cmsms_row_69e02df43bbea3_98984150 .cmsms_row_outer_parent { \n\tpadding-bottom: 50px; \n} \n\n<\/style><div id=\"cmsms_row_69e02df43b86f6_18932433\" class=\"cmsms_row cmsms_color_scheme_default\">\n<div class=\"cmsms_row_outer_parent\">\n<div class=\"cmsms_row_outer\">\n<div class=\"cmsms_row_inner\">\n<div class=\"cmsms_row_margin\">\n<div class=\"cmsms_column one_first\">\n\n<div id=\"cmsms_heading_69e02df43bac32_42454962\" class=\"cmsms_heading_wrap cmsms_heading_align_left\">\n\t<h1 class=\"cmsms_heading\">December 3rd Concert<\/h1>\n<\/div>\n<\/div>\n<\/div>\n<\/div>\n<\/div>\n<\/div>\n<\/div>\n<div id=\"cmsms_row_69e02df43bb683_35312977\" class=\"cmsms_row cmsms_color_scheme_default\">\n<div class=\"cmsms_row_outer_parent\">\n<div class=\"cmsms_row_outer\">\n<div class=\"cmsms_row_inner\">\n<div class=\"cmsms_row_margin\">\n<div class=\"cmsms_column one_first\">\n<\/div>\n<\/div>\n<\/div>\n<\/div>\n<\/div>\n<\/div>\n<div id=\"cmsms_row_69e02df43bbea3_98984150\" class=\"cmsms_row cmsms_color_scheme_default\">\n<div class=\"cmsms_row_outer_parent\">\n<div class=\"cmsms_row_outer\">\n<div class=\"cmsms_row_inner\">\n<div class=\"cmsms_row_margin\">\n<div class=\"cmsms_column one_first\">\n<div class=\"cmsms_embed_wrap\">\n<iframe title=\"Sana De\u011fer - Beste Cultu\" width=\"1160\" height=\"653\" src=\"https:\/\/www.youtube.com\/embed\/mCtaxubX7gE?feature=oembed\" frameborder=\"0\" allow=\"accelerometer; autoplay; clipboard-write; encrypted-media; gyroscope; picture-in-picture; web-share\" allowfullscreen><\/iframe><\/div>\n<div class=\"cmsms_embed_wrap\">\n<iframe title=\"Ay inanm\u0131yorum - \u00d6zlem I\u015f\u0131k\" width=\"1160\" height=\"653\" src=\"https:\/\/www.youtube.com\/embed\/cNzQ5R9KYSc?feature=oembed\" frameborder=\"0\" allow=\"accelerometer; autoplay; clipboard-write; encrypted-media; gyroscope; picture-in-picture; web-share\" allowfullscreen><\/iframe><\/div><div class=\"cmsms_embed_wrap\">\n<iframe title=\"Anlasana - Alev Akdemir &amp; \u00d6zg\u00fcr Emek Bayrak\" width=\"1160\" height=\"653\" src=\"https:\/\/www.youtube.com\/embed\/2ayBrmwnrC0?feature=oembed\" frameborder=\"0\" allow=\"accelerometer; autoplay; clipboard-write; encrypted-media; gyroscope; picture-in-picture; web-share\" allowfullscreen><\/iframe><\/div><div class=\"cmsms_embed_wrap\">\n<iframe title=\"Arnavut Kald\u0131r\u0131mda - \u00d6zdem Sar\u0131\" width=\"1160\" height=\"653\" src=\"https:\/\/www.youtube.com\/embed\/gBb3LOar_Wo?feature=oembed\" frameborder=\"0\" allow=\"accelerometer; autoplay; clipboard-write; encrypted-media; gyroscope; picture-in-picture; web-share\" allowfullscreen><\/iframe><\/div><div class=\"cmsms_embed_wrap\">\n<iframe title=\"Bamba\u015fka biri - Mehtap Co\u015fkun\" width=\"1160\" height=\"653\" src=\"https:\/\/www.youtube.com\/embed\/PTyefbDNDI0?feature=oembed\" frameborder=\"0\" allow=\"accelerometer; autoplay; clipboard-write; encrypted-media; gyroscope; picture-in-picture; web-share\" allowfullscreen><\/iframe><\/div><div class=\"cmsms_embed_wrap\">\n<iframe title=\"Yerine sevemem - Mert Can\" width=\"1160\" height=\"653\" src=\"https:\/\/www.youtube.com\/embed\/ecHFWcXs1p8?feature=oembed\" frameborder=\"0\" allow=\"accelerometer; autoplay; clipboard-write; encrypted-media; gyroscope; picture-in-picture; web-share\" allowfullscreen><\/iframe><\/div><div class=\"cmsms_embed_wrap\">\n<iframe title=\"Benim i\u00e7in \u00fcz\u00fclme - Kadir Karl\u0131\" width=\"1160\" height=\"653\" src=\"https:\/\/www.youtube.com\/embed\/YSKeUUfe4CI?feature=oembed\" frameborder=\"0\" allow=\"accelerometer; autoplay; clipboard-write; encrypted-media; gyroscope; picture-in-picture; web-share\" allowfullscreen><\/iframe><\/div><div class=\"cmsms_embed_wrap\">\n<iframe title=\"Benim i\u00e7in \u00fcz\u00fclme - Kadir Karl\u0131\" width=\"1160\" height=\"653\" src=\"https:\/\/www.youtube.com\/embed\/YSKeUUfe4CI?feature=oembed\" frameborder=\"0\" allow=\"accelerometer; autoplay; clipboard-write; encrypted-media; gyroscope; picture-in-picture; web-share\" allowfullscreen><\/iframe><\/div><div class=\"cmsms_embed_wrap\">\n<iframe title=\"Benim i\u00e7in \u00fcz\u00fclme - Kadir Karl\u0131\" width=\"1160\" height=\"653\" src=\"https:\/\/www.youtube.com\/embed\/YSKeUUfe4CI?feature=oembed\" frameborder=\"0\" allow=\"accelerometer; autoplay; clipboard-write; encrypted-media; gyroscope; picture-in-picture; web-share\" allowfullscreen><\/iframe><\/div><div class=\"cmsms_embed_wrap\">\n<iframe title=\"Tsei T\u00fcrk\u00e7e S\u00f6zl\u00fc Hafif Bat\u0131 M\u00fczi\u011fi Konseri 2.B\u00f6l\u00fcm - 3 Aral\u0131k 2023\" width=\"1160\" height=\"653\" src=\"https:\/\/www.youtube.com\/embed\/Wt5DmGouxKo?feature=oembed\" frameborder=\"0\" allow=\"accelerometer; autoplay; clipboard-write; encrypted-media; gyroscope; picture-in-picture; web-share\" allowfullscreen><\/iframe><\/div>\n<\/div>\n<\/div>\n<\/div>\n<\/div>\n<\/div>\n<\/div>\n\n","protected":false},"excerpt":{"rendered":"","protected":false},"author":8,"featured_media":0,"parent":0,"menu_order":0,"comment_status":"closed","ping_status":"closed","template":"","meta":{"_acf_changed":false,"footnotes":""},"class_list":["post-11363","page","type-page","status-publish","hentry"],"acf":[],"_links":{"self":[{"href":"https:\/\/tsei.ch\/en\/wp-json\/wp\/v2\/pages\/11363","targetHints":{"allow":["GET"]}}],"collection":[{"href":"https:\/\/tsei.ch\/en\/wp-json\/wp\/v2\/pages"}],"about":[{"href":"https:\/\/tsei.ch\/en\/wp-json\/wp\/v2\/types\/page"}],"author":[{"embeddable":true,"href":"https:\/\/tsei.ch\/en\/wp-json\/wp\/v2\/users\/8"}],"replies":[{"embeddable":true,"href":"https:\/\/tsei.ch\/en\/wp-json\/wp\/v2\/comments?post=11363"}],"version-history":[{"count":0,"href":"https:\/\/tsei.ch\/en\/wp-json\/wp\/v2\/pages\/11363\/revisions"}],"wp:attachment":[{"href":"https:\/\/tsei.ch\/en\/wp-json\/wp\/v2\/media?parent=11363"}],"curies":[{"name":"wp","href":"https:\/\/api.w.org\/{rel}","templated":true}]}}