{"id":11355,"date":"2024-01-08T10:05:53","date_gmt":"2024-01-08T09:05:53","guid":{"rendered":"https:\/\/tsei.ch\/mert-oezkan\/"},"modified":"2024-01-10T13:38:07","modified_gmt":"2024-01-10T12:38:07","slug":"mert-oezkan","status":"publish","type":"page","link":"https:\/\/tsei.ch\/de\/mert-oezkan\/","title":{"rendered":"Mert \u00d6zkan"},"content":{"rendered":"<style type=\"text\/css\"><\/style>\t\t<div data-elementor-type=\"wp-page\" data-elementor-id=\"11355\" class=\"elementor elementor-11355 elementor-8284\">\n\t\t\t\t<div class=\"elementor-element elementor-element-cd45da1 e-flex e-con-boxed e-con e-parent\" data-id=\"cd45da1\" data-element_type=\"container\">\n\t\t\t\t\t<div class=\"e-con-inner\">\n\t\t\t\t<div class=\"elementor-element elementor-element-4c75912 elementor-widget elementor-widget-image\" data-id=\"4c75912\" data-element_type=\"widget\" data-widget_type=\"image.default\">\n\t\t\t\t<div class=\"elementor-widget-container\">\n\t\t\t\t\t\t\t\t\t\t\t\t\t\t\t<img fetchpriority=\"high\" decoding=\"async\" width=\"1160\" height=\"690\" src=\"https:\/\/tsei.ch\/wp-content\/uploads\/2024\/01\/mert-ozkan-1160x690.jpg\" class=\"attachment-full-masonry-thumb size-full-masonry-thumb wp-image-8307\" alt=\"\" srcset=\"https:\/\/tsei.ch\/wp-content\/uploads\/2024\/01\/mert-ozkan-1160x690.jpg 1160w, https:\/\/tsei.ch\/wp-content\/uploads\/2024\/01\/mert-ozkan-600x357.jpg 600w, https:\/\/tsei.ch\/wp-content\/uploads\/2024\/01\/mert-ozkan-300x178.jpg 300w, https:\/\/tsei.ch\/wp-content\/uploads\/2024\/01\/mert-ozkan-1024x609.jpg 1024w, https:\/\/tsei.ch\/wp-content\/uploads\/2024\/01\/mert-ozkan-768x457.jpg 768w, https:\/\/tsei.ch\/wp-content\/uploads\/2024\/01\/mert-ozkan-580x345.jpg 580w, https:\/\/tsei.ch\/wp-content\/uploads\/2024\/01\/mert-ozkan-860x511.jpg 860w, https:\/\/tsei.ch\/wp-content\/uploads\/2024\/01\/mert-ozkan-1320x785.jpg 1320w, https:\/\/tsei.ch\/wp-content\/uploads\/2024\/01\/mert-ozkan.jpg 1500w\" sizes=\"(max-width: 1160px) 100vw, 1160px\" \/>\t\t\t\t\t\t\t\t\t\t\t\t\t\t\t<\/div>\n\t\t\t\t<\/div>\n\t\t\t\t\t<\/div>\n\t\t\t\t<\/div>\n\t\t<div class=\"elementor-element elementor-element-f54b988 e-flex e-con-boxed e-con e-parent\" data-id=\"f54b988\" data-element_type=\"container\">\n\t\t\t\t\t<div class=\"e-con-inner\">\n\t\t\t\t<div class=\"elementor-element elementor-element-18cadfd elementor-widget elementor-widget-text-editor\" data-id=\"18cadfd\" data-element_type=\"widget\" data-widget_type=\"text-editor.default\">\n\t\t\t\t<div class=\"elementor-widget-container\">\n\t\t\t\t\t\t\t\t\t<p>Er wurde in Karaman, an der s\u00fcdlichsten Spitze Zentralanatoliens, am Hang des Taurusgebirges geboren. Nachdem er dort seine Grund- und Sekundarschulbildung abgeschlossen hatte, absolvierte er sein Grundstudium an der Tourismus- und Hotelmanagementschule der Eski\u015fehir Anadolu Universit\u00e4t und schloss sein Masterstudium an der Abteilung f\u00fcr \u00d6ffentlichkeitsarbeit der Sel\u00e7uk Universit\u00e4t ab. Seit ihrer Kindheit erhielt sie eine musikalische Ausbildung in \u00f6ffentlichen Bildungseinrichtungen. Sie arbeitete mit bedeutenden Instrumentalisten zusammen, sowohl als Chors\u00e4ngerin als auch als Sazende. Er nutzte jede Gelegenheit, um Musik zu studieren und erhielt eine Ausbildung in Notenschrift, Gesang, Stil, Baglama und Oud. W\u00e4hrend seiner Studienzeit haben Danyal Mant\u0131, der dem trt heute viele Werke der klassischen Kunstmusik geschenkt hat, und der Dozent des t\u00fcrkischen Volksmusikorchesters Prof. Dr. Er arbeitete mit wichtigen Pers\u00f6nlichkeiten wie Pelin Altintas zusammen. Vier Jahre lang nahm sie an den polyphonen Volksmusikch\u00f6ren der Anadolu-Universit\u00e4t teil und trat in vielen erfolgreichen Konzerten auf. Seine Einzelarbeit mit H\u00fcsn\u00fc \u00dcst\u00fcn, einem bedeutenden t\u00fcrkischen Komponisten und Musiker, den er selbst als &#8222;meinen Meister&#8220; bezeichnet, gab seiner musikalischen Reise eine andere Richtung. Er setzt seine Reise in die grenzenlosen Tiefen der Musik unter seiner Anleitung in t\u00fcrkischer Musiktheorie, Usuls und Oud-Spiel fort. Er profitiert von angesehenen K\u00fcnstlern der t\u00fcrkischen Kunstmusik wie VEDAT Kaptan Yurdakul und Meliha G\u00fclses in Bezug auf Chorarbeit, Auff\u00fchrung und Repertoire. Mert \u00d6zkan ist Pr\u00e4sident des Schweizerischen T\u00fcrkischen Kunstinstituts, das er 2013 unter dem Motto &#8222;Unser kulturelles Erbe von traditionell bis universell&#8220; gegr\u00fcndet hat, und ist auch als Chorleiter t\u00e4tig.<\/p>\n\t\t\t\t\t\t\t\t<\/div>\n\t\t\t\t<\/div>\n\t\t\t\t\t<\/div>\n\t\t\t\t<\/div>\n\t\t\t\t<\/div>\n\t\t","protected":false},"excerpt":{"rendered":"<p>Er wurde in Karaman, an der s\u00fcdlichsten Spitze Zentralanatoliens, am Hang des Taurusgebirges geboren. Nachdem er dort seine Grund- und Sekundarschulbildung abgeschlossen hatte, absolvierte er sein Grundstudium an der Tourismus-&#8230;<\/p>\n","protected":false},"author":8,"featured_media":0,"parent":0,"menu_order":0,"comment_status":"closed","ping_status":"closed","template":"","meta":{"_acf_changed":false,"footnotes":""},"class_list":["post-11355","page","type-page","status-publish","hentry"],"acf":[],"_links":{"self":[{"href":"https:\/\/tsei.ch\/de\/wp-json\/wp\/v2\/pages\/11355","targetHints":{"allow":["GET"]}}],"collection":[{"href":"https:\/\/tsei.ch\/de\/wp-json\/wp\/v2\/pages"}],"about":[{"href":"https:\/\/tsei.ch\/de\/wp-json\/wp\/v2\/types\/page"}],"author":[{"embeddable":true,"href":"https:\/\/tsei.ch\/de\/wp-json\/wp\/v2\/users\/8"}],"replies":[{"embeddable":true,"href":"https:\/\/tsei.ch\/de\/wp-json\/wp\/v2\/comments?post=11355"}],"version-history":[{"count":1,"href":"https:\/\/tsei.ch\/de\/wp-json\/wp\/v2\/pages\/11355\/revisions"}],"predecessor-version":[{"id":11360,"href":"https:\/\/tsei.ch\/de\/wp-json\/wp\/v2\/pages\/11355\/revisions\/11360"}],"wp:attachment":[{"href":"https:\/\/tsei.ch\/de\/wp-json\/wp\/v2\/media?parent=11355"}],"curies":[{"name":"wp","href":"https:\/\/api.w.org\/{rel}","templated":true}]}}