{"id":11268,"date":"2023-11-06T15:27:44","date_gmt":"2023-11-06T14:27:44","guid":{"rendered":"https:\/\/tsei.ch\/mitmachen\/"},"modified":"2023-11-06T15:27:44","modified_gmt":"2023-11-06T14:27:44","slug":"mitmachen","status":"publish","type":"page","link":"https:\/\/tsei.ch\/de\/mitmachen\/","title":{"rendered":"Mitmachen"},"content":{"rendered":"<style type=\"text\/css\"><\/style><p style=\"color:red;font-weight:bold;\">Diese Seite und der Inhalt wurden automatisch f\u00fcr Sie generiert, um Ihnen eine Vorstellung davon zu geben, wie eine &#8222;Join Us&#8220;-Seite aussehen sollte. Sie k\u00f6nnen diese Seite nach Belieben anpassen, indem Sie diese Seite in Ihrem WordPress-Seiteneditor bearbeiten.<\/p>\n<p style=\"font-weight:bold;\">Wenn Sie am Ende die URL dieser Seite \u00e4ndern, m\u00fcssen Sie den URL-Wert im Einstellungsmen\u00fc des Plugins aktualisieren.<\/p>\n<p style=\"border-top:1px solid #ccc;padding-top:10px;margin-top:10px;\">\n<p>\t\t\t<strong>Kostenlose Mitgliedschaft<\/strong><br \/>\n\t\t\t<br \/>\n  Sie erhalten unbegrenzten Zugang zu den Inhalten der kostenlosen Mitgliedschaft<br \/>\n\t\t\t<br \/>\n\t\t\t<em><strong>Preis: Kostenlos!<\/strong><\/em><\/p>\n<p>Verlinken Sie das folgende Bild, um zur Registrierungsseite zu gelangen, wenn Sie m\u00f6chten, dass Ihre Besucher ein kostenloses Mitgliedskonto erstellen k\u00f6nnen<\/p>\n<p>\t\t\t<img decoding=\"async\" title=\"Jetzt teilnehmen\" src=\"https:\/\/tsei.ch\/wp-content\/plugins\/simple-membership\/images\/join-now-button-image.gif\" alt=\"Schaltfl\u00e4che \"Jetzt beitreten\" width=\"277\" height=\"82\"><\/p>\n<p style=\"border-bottom:1px solid #ccc;padding-bottom:10px;margin-bottom:10px;\">\n<p><strong>Sie k\u00f6nnen sich f\u00fcr eine kostenlose Mitgliedschaft anmelden oder f\u00fcr eine der folgenden Mitgliedschaftsoptionen bezahlen<\/strong><\/p>\n<p style=\"border-top:1px solid #ccc;padding-top:10px;margin-top:10px;\">\n<p>  [ ==&gt; Zahlungsbutton f\u00fcr Ihre kostenpflichtigen Mitgliedschaftsstufen hier einf\u00fcgen &lt;== ]  <\/p>\n<p style=\"border-bottom:1px solid #ccc;padding-bottom:10px;margin-bottom:10px;\">\n","protected":false},"excerpt":{"rendered":"<p>Diese Seite und der Inhalt wurden automatisch f\u00fcr Sie generiert, um Ihnen eine Vorstellung davon zu geben, wie eine &#8222;Join Us&#8220;-Seite aussehen sollte. Sie k\u00f6nnen diese Seite nach Belieben anpassen,&#8230;<\/p>\n","protected":false},"author":8,"featured_media":0,"parent":0,"menu_order":0,"comment_status":"closed","ping_status":"closed","template":"","meta":{"_acf_changed":false,"footnotes":""},"class_list":["post-11268","page","type-page","status-publish","hentry"],"acf":[],"_links":{"self":[{"href":"https:\/\/tsei.ch\/de\/wp-json\/wp\/v2\/pages\/11268","targetHints":{"allow":["GET"]}}],"collection":[{"href":"https:\/\/tsei.ch\/de\/wp-json\/wp\/v2\/pages"}],"about":[{"href":"https:\/\/tsei.ch\/de\/wp-json\/wp\/v2\/types\/page"}],"author":[{"embeddable":true,"href":"https:\/\/tsei.ch\/de\/wp-json\/wp\/v2\/users\/8"}],"replies":[{"embeddable":true,"href":"https:\/\/tsei.ch\/de\/wp-json\/wp\/v2\/comments?post=11268"}],"version-history":[{"count":0,"href":"https:\/\/tsei.ch\/de\/wp-json\/wp\/v2\/pages\/11268\/revisions"}],"wp:attachment":[{"href":"https:\/\/tsei.ch\/de\/wp-json\/wp\/v2\/media?parent=11268"}],"curies":[{"name":"wp","href":"https:\/\/api.w.org\/{rel}","templated":true}]}}