{"id":11161,"date":"2020-05-05T14:00:25","date_gmt":"2020-05-05T12:00:25","guid":{"rendered":"https:\/\/tsei.ch\/hauptseite\/"},"modified":"2020-05-05T14:00:25","modified_gmt":"2020-05-05T12:00:25","slug":"hauptseite","status":"publish","type":"page","link":"https:\/\/tsei.ch\/de\/hauptseite\/","title":{"rendered":"Hauptseite"},"content":{"rendered":"<style type=\"text\/css\"><\/style><div id=\"cmsms_row_69e1846aa9d4f2_91589039\" class=\"cmsms_row cmsms_color_scheme_default\">\n<div class=\"cmsms_row_outer_parent\">\n<div class=\"cmsms_row_outer\">\n<div class=\"cmsms_row_inner\">\n<div class=\"cmsms_row_margin\">\n<div class=\"cmsms_column one_first\">\n<div class=\"cmsms_text\">\n<h2>\u00dcber uns<\/h2>\n<p>Sie wurde 2013 gegr\u00fcndet, um unsere kulturellen Werte zu leben, lebendig zu halten und an neue Generationen weiterzugeben. Ziel ist es, einen Bildungszyklus mit der Logik von Lernen, Anwenden, Lehren zu schaffen und k\u00fcnstlerische Aktivit\u00e4ten mit Menschen zu organisieren, die sich mit diesem Verst\u00e4ndnis zusammengefunden haben, und unsere Kultur einer breiten Masse zu vermitteln.<\/p>\n<p>Ziel ist es, die Solidarit\u00e4t zwischen den Menschen und den Kulturen zu st\u00e4rken, indem der sozialen und der erzieherischen Dimension der k\u00fcnstlerischen Aktivit\u00e4ten Bedeutung beigemessen wird. Musik, Volkst\u00e4nze, Malerei und Marmorierkunst, Instrumentenkurse, Noten, Solfege, San-Kurse werden in seiner Struktur angeboten.<\/p>\n<p>Mit all diesen Merkmalen ist das Schweizerische Institut f\u00fcr T\u00fcrkische Kunst das erste seiner Art in der Schweiz.<\/p>\n<p>&nbsp;<\/p>\n<\/div>\n<\/div>\n<\/div>\n<\/div>\n<\/div>\n<\/div>\n<\/div>\n\n","protected":false},"excerpt":{"rendered":"","protected":false},"author":2,"featured_media":0,"parent":0,"menu_order":0,"comment_status":"closed","ping_status":"closed","template":"","meta":{"_acf_changed":false,"footnotes":""},"class_list":["post-11161","page","type-page","status-publish","hentry"],"acf":[],"_links":{"self":[{"href":"https:\/\/tsei.ch\/de\/wp-json\/wp\/v2\/pages\/11161","targetHints":{"allow":["GET"]}}],"collection":[{"href":"https:\/\/tsei.ch\/de\/wp-json\/wp\/v2\/pages"}],"about":[{"href":"https:\/\/tsei.ch\/de\/wp-json\/wp\/v2\/types\/page"}],"author":[{"embeddable":true,"href":"https:\/\/tsei.ch\/de\/wp-json\/wp\/v2\/users\/2"}],"replies":[{"embeddable":true,"href":"https:\/\/tsei.ch\/de\/wp-json\/wp\/v2\/comments?post=11161"}],"version-history":[{"count":0,"href":"https:\/\/tsei.ch\/de\/wp-json\/wp\/v2\/pages\/11161\/revisions"}],"wp:attachment":[{"href":"https:\/\/tsei.ch\/de\/wp-json\/wp\/v2\/media?parent=11161"}],"curies":[{"name":"wp","href":"https:\/\/api.w.org\/{rel}","templated":true}]}}