{"id":11351,"date":"2024-01-05T15:58:06","date_gmt":"2024-01-05T14:58:06","guid":{"rendered":"https:\/\/tsei.ch\/m%c9%99sl%c9%99h%c9%99t-v%c9%99-t%c9%99klifl%c9%99rimiz\/"},"modified":"2024-01-10T13:38:08","modified_gmt":"2024-01-10T12:38:08","slug":"m%c9%99sl%c9%99h%c9%99t-v%c9%99-t%c9%99klifl%c9%99rimiz","status":"publish","type":"page","link":"https:\/\/tsei.ch\/az\/m%c9%99sl%c9%99h%c9%99t-v%c9%99-t%c9%99klifl%c9%99rimiz\/","title":{"rendered":"M\u0259sl\u0259h\u0259t v\u0259 T\u0259klifl\u0259rimiz"},"content":{"rendered":"<style type=\"text\/css\"><\/style>\t\t<div data-elementor-type=\"wp-page\" data-elementor-id=\"11351\" class=\"elementor elementor-11351 elementor-8275\">\n\t\t\t\t<div class=\"elementor-element elementor-element-e4430b8 e-flex e-con-boxed e-con e-parent\" data-id=\"e4430b8\" data-element_type=\"container\">\n\t\t\t\t\t<div class=\"e-con-inner\">\n\t\t\t\t<div class=\"elementor-element elementor-element-7cabb31 elementor-widget elementor-widget-text-editor\" data-id=\"7cabb31\" data-element_type=\"widget\" data-widget_type=\"text-editor.default\">\n\t\t\t\t<div class=\"elementor-widget-container\">\n\t\t\t\t\t\t\t\t\t<p>T\u0259klifl\u0259rinizi v\u0259\/v\u0259 ya \u015fikay\u0259tl\u0259rinizi a\u015fa\u011f\u0131dak\u0131 b\u00f6lm\u0259d\u0259 m\u00fcmk\u00fcn q\u0259d\u0259r ayd\u0131n \u015f\u0259kild\u0259 bildirin. Biz siz\u0259 t\u0259\u015f\u0259kk\u00fcr edirik.<\/p>\n\t\t\t\t\t\t\t\t<\/div>\n\t\t\t\t<\/div>\n\t\t\t\t\t<\/div>\n\t\t\t\t<\/div>\n\t\t<div class=\"elementor-element elementor-element-17e38d4 e-flex e-con-boxed e-con e-parent\" data-id=\"17e38d4\" data-element_type=\"container\">\n\t\t\t\t\t<div class=\"e-con-inner\">\n\t\t\t\t<div class=\"elementor-element elementor-element-78a0e15 elementor-widget elementor-widget-form\" data-id=\"78a0e15\" data-element_type=\"widget\" data-widget_type=\"form.default\">\n\t\t\t\t<div class=\"elementor-widget-container\">\n\t\t\t\t\t \t\t\t\t<\/div>\n\t\t\t\t<\/div>\n\t\t\t\t\t<\/div>\n\t\t\t\t<\/div>\n\t\t\t\t<\/div>\n\t\t","protected":false},"excerpt":{"rendered":"<p>T\u0259klifl\u0259rinizi v\u0259\/v\u0259 ya \u015fikay\u0259tl\u0259rinizi a\u015fa\u011f\u0131dak\u0131 b\u00f6lm\u0259d\u0259 m\u00fcmk\u00fcn q\u0259d\u0259r ayd\u0131n \u015f\u0259kild\u0259 bildirin. Biz siz\u0259 t\u0259\u015f\u0259kk\u00fcr edirik.<\/p>\n","protected":false},"author":8,"featured_media":0,"parent":0,"menu_order":0,"comment_status":"closed","ping_status":"closed","template":"","meta":{"_acf_changed":false,"footnotes":""},"class_list":["post-11351","page","type-page","status-publish","hentry"],"acf":[],"_links":{"self":[{"href":"https:\/\/tsei.ch\/az\/wp-json\/wp\/v2\/pages\/11351","targetHints":{"allow":["GET"]}}],"collection":[{"href":"https:\/\/tsei.ch\/az\/wp-json\/wp\/v2\/pages"}],"about":[{"href":"https:\/\/tsei.ch\/az\/wp-json\/wp\/v2\/types\/page"}],"author":[{"embeddable":true,"href":"https:\/\/tsei.ch\/az\/wp-json\/wp\/v2\/users\/8"}],"replies":[{"embeddable":true,"href":"https:\/\/tsei.ch\/az\/wp-json\/wp\/v2\/comments?post=11351"}],"version-history":[{"count":1,"href":"https:\/\/tsei.ch\/az\/wp-json\/wp\/v2\/pages\/11351\/revisions"}],"predecessor-version":[{"id":11359,"href":"https:\/\/tsei.ch\/az\/wp-json\/wp\/v2\/pages\/11351\/revisions\/11359"}],"wp:attachment":[{"href":"https:\/\/tsei.ch\/az\/wp-json\/wp\/v2\/media?parent=11351"}],"curies":[{"name":"wp","href":"https:\/\/api.w.org\/{rel}","templated":true}]}}