{"id":11276,"date":"2023-10-31T09:57:05","date_gmt":"2023-10-31T08:57:05","guid":{"rendered":"https:\/\/tsei.ch\/tsei\/"},"modified":"2023-10-31T09:57:05","modified_gmt":"2023-10-31T08:57:05","slug":"tsei","status":"publish","type":"page","link":"https:\/\/tsei.ch\/az\/tsei\/","title":{"rendered":"TSEI"},"content":{"rendered":"<style type=\"text\/css\"> \n#cmsms_row_69eec837786661_30453326 .cmsms_row_outer_parent { \n\tpadding-top: 0px; \n} \n\n#cmsms_row_69eec837786661_30453326 .cmsms_row_outer_parent { \n\tpadding-bottom: 50px; \n} \n\n \n#cmsms_heading_69eec837787ee6_69460745 { \n\ttext-align:center; \n\tmargin-top:0px; \n\tmargin-bottom:20px; \n} \n\n#cmsms_heading_69eec837787ee6_69460745 .cmsms_heading { \n\ttext-align:center; \n} \n\n#cmsms_heading_69eec837787ee6_69460745 .cmsms_heading, #cmsms_heading_69eec837787ee6_69460745 .cmsms_heading a { \n\tfont-weight:normal; \n\tfont-style:normal; \n} \n\n#cmsms_heading_69eec837787ee6_69460745 .cmsms_heading_divider { \n} \n\n\n#cmsms_button_69eec837788f28_04507394 { \n\ttext-align:center; \n} \n\n#cmsms_button_69eec837788f28_04507394 .cmsms_button:before { \n\tmargin-right:.5em; \n\tmargin-left:0; \n\tvertical-align:baseline; \n} \n\n#cmsms_button_69eec837788f28_04507394 .cmsms_button { \n\tfont-weight:normal; \n\tfont-style:normal; \n\tborder-style:solid; \n} \n#cmsms_button_69eec837788f28_04507394 .cmsms_button:hover { \n} \n \n#cmsms_row_69eec837789484_01579438 .cmsms_row_outer_parent { \n\tpadding-top: 0px; \n} \n\n#cmsms_row_69eec837789484_01579438 .cmsms_row_outer_parent { \n\tpadding-bottom: 50px; \n} \n\n \n#cmsms_heading_69eec83778a3e9_82126606 { \n\ttext-align:center; \n\tmargin-top:0px; \n\tmargin-bottom:20px; \n} \n\n#cmsms_heading_69eec83778a3e9_82126606 .cmsms_heading { \n\ttext-align:center; \n} \n\n#cmsms_heading_69eec83778a3e9_82126606 .cmsms_heading, #cmsms_heading_69eec83778a3e9_82126606 .cmsms_heading a { \n\tfont-weight:normal; \n\tfont-style:normal; \n} \n\n#cmsms_heading_69eec83778a3e9_82126606 .cmsms_heading_divider { \n} \n\n\n#cmsms_button_69eec83778ad55_87972456 { \n\ttext-align:center; \n} \n\n#cmsms_button_69eec83778ad55_87972456 .cmsms_button:before { \n\tmargin-right:.5em; \n\tmargin-left:0; \n\tvertical-align:baseline; \n} \n\n#cmsms_button_69eec83778ad55_87972456 .cmsms_button { \n\tfont-weight:normal; \n\tfont-style:normal; \n\tborder-style:solid; \n} \n#cmsms_button_69eec83778ad55_87972456 .cmsms_button:hover { \n} \n \n#cmsms_row_69eec83778b2a6_96656252 .cmsms_row_outer_parent { \n\tpadding-top: 0px; \n} \n\n#cmsms_row_69eec83778b2a6_96656252 .cmsms_row_outer_parent { \n\tpadding-bottom: 50px; \n} \n\n \n#cmsms_heading_69eec83778c142_36552751 { \n\ttext-align:center; \n\tmargin-top:0px; \n\tmargin-bottom:20px; \n} \n\n#cmsms_heading_69eec83778c142_36552751 .cmsms_heading { \n\ttext-align:center; \n} \n\n#cmsms_heading_69eec83778c142_36552751 .cmsms_heading, #cmsms_heading_69eec83778c142_36552751 .cmsms_heading a { \n\tfont-weight:normal; \n\tfont-style:normal; \n} \n\n#cmsms_heading_69eec83778c142_36552751 .cmsms_heading_divider { \n} \n\n\n#cmsms_button_69eec83778ca42_54490519 { \n\ttext-align:center; \n} \n\n#cmsms_button_69eec83778ca42_54490519 .cmsms_button:before { \n\tmargin-right:.5em; \n\tmargin-left:0; \n\tvertical-align:baseline; \n} \n\n#cmsms_button_69eec83778ca42_54490519 .cmsms_button { \n\tfont-weight:normal; \n\tfont-style:normal; \n\tborder-style:solid; \n} \n#cmsms_button_69eec83778ca42_54490519 .cmsms_button:hover { \n} \n<\/style><div id=\"cmsms_row_69eec837786661_30453326\" class=\"cmsms_row cmsms_color_scheme_default\">\n<div class=\"cmsms_row_outer_parent\">\n<div class=\"cmsms_row_outer\">\n<div class=\"cmsms_row_inner\">\n<div class=\"cmsms_row_margin\">\n<div class=\"cmsms_column one_half\">\n\n<div id=\"cmsms_heading_69eec837787ee6_69460745\" class=\"cmsms_heading_wrap cmsms_heading_align_center\">\n\t<h1 class=\"cmsms_heading\">Konsert<\/h1>\n<\/div>\n<\/div>\n <div class=\"cmsms_column one_half\">\n\n<div id=\"cmsms_button_69eec837788f28_04507394\" class=\"button_wrap\"><a href=\"https:\/\/tsei.ch\/26-05-2024-konser-repertuari\/ \u200e\" class=\"cmsms_button cmsms-icon-music-4\" data-animation=\"bounceInDown\" data-delay=\"0\"><span>26.05.2024 Konsert Repertuar\u0131<\/span><\/a><\/div>\n<\/div>\n<\/div>\n<\/div>\n<\/div>\n<\/div>\n<\/div>\n<div id=\"cmsms_row_69eec837789484_01579438\" class=\"cmsms_row cmsms_color_scheme_default\">\n<div class=\"cmsms_row_outer_parent\">\n<div class=\"cmsms_row_outer\">\n<div class=\"cmsms_row_inner\">\n<div class=\"cmsms_row_margin\">\n<div class=\"cmsms_column one_first\">\n\n<div id=\"cmsms_heading_69eec83778a3e9_82126606\" class=\"cmsms_heading_wrap cmsms_heading_align_center\">\n\t<h1 class=\"cmsms_heading\">Yeni \u00dczv Qeydiyyat\u0131 Formas\u0131<\/h1>\n<\/div>\n<\/div>\n <div class=\"cmsms_column one_half\">\n\n<div id=\"cmsms_button_69eec83778ad55_87972456\" class=\"button_wrap\"><a href=\"https:\/\/tsei.ch\/uye-basvuru-formu\/\" class=\"cmsms_button cmsms-icon-graduation-cap-3\" data-animation=\"bounceInDown\" data-delay=\"0\"><span>Yeni TES\u0130 \u00fczv\u00fcn\u00fcn qeydiyyat\u0131<\/span><\/a><\/div>\n<\/div>\n<\/div>\n<\/div>\n<\/div>\n<\/div>\n<\/div>\n<div id=\"cmsms_row_69eec83778b2a6_96656252\" class=\"cmsms_row cmsms_color_scheme_default\">\n<div class=\"cmsms_row_outer_parent\">\n<div class=\"cmsms_row_outer\">\n<div class=\"cmsms_row_inner\">\n<div class=\"cmsms_row_margin\">\n<div class=\"cmsms_column one_half\">\n\n<div id=\"cmsms_heading_69eec83778c142_36552751\" class=\"cmsms_heading_wrap cmsms_heading_align_center\">\n\t<h1 class=\"cmsms_heading\">Arxiv<\/h1>\n<\/div>\n<\/div>\n <div class=\"cmsms_column one_half\">\n\n<div id=\"cmsms_button_69eec83778ca42_54490519\" class=\"button_wrap\"><a href=\"https:\/\/tsei.ch\/03-12-2023-konser\/\" class=\"cmsms_button cmsms-icon-music-4\" data-animation=\"bounceInDown\" data-delay=\"0\"><span>03.12.2023 Konsert Repertuar\u0131<\/span><\/a><\/div>\n<\/div>\n<\/div>\n<\/div>\n<\/div>\n<\/div>\n<\/div>\n\n","protected":false},"excerpt":{"rendered":"","protected":false},"author":2,"featured_media":0,"parent":0,"menu_order":0,"comment_status":"closed","ping_status":"closed","template":"","meta":{"_acf_changed":false,"footnotes":""},"class_list":["post-11276","page","type-page","status-publish","hentry"],"acf":[],"_links":{"self":[{"href":"https:\/\/tsei.ch\/az\/wp-json\/wp\/v2\/pages\/11276","targetHints":{"allow":["GET"]}}],"collection":[{"href":"https:\/\/tsei.ch\/az\/wp-json\/wp\/v2\/pages"}],"about":[{"href":"https:\/\/tsei.ch\/az\/wp-json\/wp\/v2\/types\/page"}],"author":[{"embeddable":true,"href":"https:\/\/tsei.ch\/az\/wp-json\/wp\/v2\/users\/2"}],"replies":[{"embeddable":true,"href":"https:\/\/tsei.ch\/az\/wp-json\/wp\/v2\/comments?post=11276"}],"version-history":[{"count":0,"href":"https:\/\/tsei.ch\/az\/wp-json\/wp\/v2\/pages\/11276\/revisions"}],"wp:attachment":[{"href":"https:\/\/tsei.ch\/az\/wp-json\/wp\/v2\/media?parent=11276"}],"curies":[{"name":"wp","href":"https:\/\/api.w.org\/{rel}","templated":true}]}}