{"id":11263,"date":"2015-10-01T13:59:56","date_gmt":"2015-10-01T11:59:56","guid":{"rendered":"https:\/\/tsei.ch\/biletl%c9%99r\/"},"modified":"2015-10-01T13:59:56","modified_gmt":"2015-10-01T11:59:56","slug":"biletl%c9%99r","status":"publish","type":"page","link":"https:\/\/tsei.ch\/az\/biletl%c9%99r\/","title":{"rendered":"biletl\u0259r"},"content":{"rendered":"<style type=\"text\/css\"> \n#cmsms_row_69f435dfb28fa1_23944182 { \n\tbackground-image: url(https:\/\/tsei.ch\/wp-content\/uploads\/2015\/05\/04.jpg); \n\tbackground-position: top center; \n\tbackground-repeat: no-repeat; \n\tbackground-attachment: scroll; \n\tbackground-size: cover; \n} \n\n#cmsms_row_69f435dfb28fa1_23944182 .cmsms_row_outer_parent { \n\tpadding-top: 360px; \n} \n\n#cmsms_row_69f435dfb28fa1_23944182 .cmsms_row_outer_parent { \n\tpadding-bottom: 400px; \n} \n\n#cmsms_row_69f435dfb28fa1_23944182 .cmsms_row_overlay { \n\tbackground-color:rgba(10,10,10,0.19);\n} \n\n \n#cmsms_heading_69f435dfb2cd90_06433136 { \n\ttext-align:center; \n\tmargin-top:0px; \n\tmargin-bottom:0px; \n} \n\n#cmsms_heading_69f435dfb2cd90_06433136 .cmsms_heading { \n\ttext-align:center; \n} \n\n#cmsms_heading_69f435dfb2cd90_06433136 .cmsms_heading, #cmsms_heading_69f435dfb2cd90_06433136 .cmsms_heading a { \n\tfont-size:200px; \n\tline-height:220px; \n\tfont-weight:bold; \n\tfont-style:normal; \n\tcolor:#ffffff;\n} \n\n#cmsms_heading_69f435dfb2cd90_06433136 .cmsms_heading_divider { \n} \n\n@media (max-width: 767px) {\n\n#cmsms_heading_69f435dfb2cd90_06433136 .cmsms_heading, #cmsms_heading_69f435dfb2cd90_06433136 .cmsms_heading a { \n\tfont-size:70px; \n\tline-height:80px; \n} \n\n} \n\n \n#cmsms_row_69f435dfb2d544_12184004 .cmsms_row_outer_parent { \n\tpadding-top: 100px; \n} \n\n#cmsms_row_69f435dfb2d544_12184004 .cmsms_row_outer_parent { \n\tpadding-bottom: 50px; \n} \n\n \n#cmsms_heading_69f435dfb2ef25_33355194 { \n\ttext-align:center; \n\tmargin-top:0px; \n\tmargin-bottom:20px; \n} \n\n#cmsms_heading_69f435dfb2ef25_33355194 .cmsms_heading { \n\ttext-align:center; \n} \n\n#cmsms_heading_69f435dfb2ef25_33355194 .cmsms_heading, #cmsms_heading_69f435dfb2ef25_33355194 .cmsms_heading a { \n\tfont-weight:bold; \n\tfont-style:normal; \n} \n\n#cmsms_heading_69f435dfb2ef25_33355194 .cmsms_heading_divider { \n} \n\n \n#cmsms_row_69f435dfb2fc75_41086009 .cmsms_row_outer_parent { \n\tpadding-bottom: 90px; \n} \n\n\n#cmsms_pricing_item_69f435dfb31e51_16489350 .cmsms_button:before { \n\tmargin-right:.5em; \n\tmargin-left:0; \n\tvertical-align:baseline; \n} \n\n#cmsms_pricing_item_69f435dfb31e51_16489350 .cmsms_button { \n\tfont-weight:bold; \n\tfont-style:normal; \n\tborder-style:solid; \n} \n#cmsms_pricing_item_69f435dfb31e51_16489350 .cmsms_button:hover { \n} \n#cmsms_pricing_item_69f435dfb332e7_19229353 .cmsms_button:before { \n\tmargin-right:.5em; \n\tmargin-left:0; \n\tvertical-align:baseline; \n} \n\n#cmsms_pricing_item_69f435dfb332e7_19229353 .cmsms_button { \n\tfont-weight:bold; \n\tfont-style:normal; \n\tborder-style:solid; \n} \n#cmsms_pricing_item_69f435dfb332e7_19229353 .cmsms_button:hover { \n} \n#cmsms_pricing_item_69f435dfb34612_51281186 .cmsms_button:before { \n\tmargin-right:.5em; \n\tmargin-left:0; \n\tvertical-align:baseline; \n} \n\n#cmsms_pricing_item_69f435dfb34612_51281186 .cmsms_button { \n\tfont-weight:bold; \n\tfont-style:normal; \n\tborder-style:solid; \n} \n#cmsms_pricing_item_69f435dfb34612_51281186 .cmsms_button:hover { \n} \n#cmsms_pricing_item_69f435dfb357f9_52112702 .cmsms_button:before { \n\tmargin-right:.5em; \n\tmargin-left:0; \n\tvertical-align:baseline; \n} \n\n#cmsms_pricing_item_69f435dfb357f9_52112702 .cmsms_button { \n\tfont-weight:bold; \n\tfont-style:normal; \n\tborder-style:solid; \n} \n#cmsms_pricing_item_69f435dfb357f9_52112702 .cmsms_button:hover { \n} \n<\/style><div id=\"cmsms_row_69f435dfb28fa1_23944182\" class=\"cmsms_row cmsms_color_scheme_default\" data-stellar-background-ratio=\"0.5\">\n<div class=\"cmsms_row_outer_parent\">\n<div class=\"cmsms_row_overlay\"><\/div>\n<div class=\"cmsms_row_outer\">\n<div class=\"cmsms_row_inner\">\n<div class=\"cmsms_row_margin\">\n<div class=\"cmsms_column one_first\">\n\n<div id=\"cmsms_heading_69f435dfb2cd90_06433136\" class=\"cmsms_heading_wrap cmsms_heading_align_center\">\n\t<h1 class=\"cmsms_heading\">biletl\u0259r<\/h1>\n<\/div>\n<\/div>\n<\/div>\n<\/div>\n<\/div>\n<\/div>\n<\/div>\n<div id=\"cmsms_row_69f435dfb2d544_12184004\" class=\"cmsms_row cmsms_color_scheme_default\">\n<div class=\"cmsms_row_outer_parent\">\n<div class=\"cmsms_row_outer\">\n<div class=\"cmsms_row_inner\">\n<div class=\"cmsms_row_margin\">\n<div class=\"cmsms_column one_first\">\n\n<div id=\"cmsms_heading_69f435dfb2ef25_33355194\" class=\"cmsms_heading_wrap cmsms_heading_align_center\">\n\t<h2 class=\"cmsms_heading\">ONLAYN B\u0130LET S\u0130PAR\u0130\u015e\u0130<\/h2>\n<\/div><div class=\"cmsms_text\">\n<p style=\"text-align: center;\"><strong><a href=\"http:\/\/music-band.cmsmasters.net\/music-videos\/#\">YouTube<\/a><\/strong> v\u0259 <strong><a href=\"http:\/\/music-band.cmsmasters.net\/music-videos\/#\">Vimeo<\/a><\/strong> -da musiqi video kanal\u0131m\u0131za abun\u0259 olma\u011f\u0131 unutmay\u0131n<br \/>\nv\u0259 The Band-\u0131n t\u0259z\u0259 hitl\u0259rin\u0259 ilk baxan siz olun!<\/p>\n<\/div>\n<\/div>\n<\/div>\n<\/div>\n<\/div>\n<\/div>\n<\/div>\n<div id=\"cmsms_row_69f435dfb2fc75_41086009\" class=\"cmsms_row cmsms_color_scheme_default\">\n<div class=\"cmsms_row_outer_parent\">\n<div class=\"cmsms_row_outer\">\n<div class=\"cmsms_row_inner\">\n<div class=\"cmsms_row_margin\">\n<div class=\"cmsms_column one_first\">\n \n<div class=\"cmsms_pricing_table pricing_four\">\n<div id=\"cmsms_pricing_item_69f435dfb31e51_16489350\" class=\"cmsms_pricing_item\">\n<div class=\"cmsms_pricing_item_inner\">\n<h3 class=\"pricing_title\">Standart<\/h3>\n<div class=\"cmsms_price_wrap\">\n<span class=\"cmsms_price\">90<\/span>\n<span class=\"cmsms_currency\">$<\/span>\n<\/div>\n<ul class=\"feature_list\">\n<li>Interview with the band<\/li>\n<li>Photo with the band<\/li>\n<li>Exclusive autographs<\/li>\n<li>Premium seats<\/li>\n<\/ul>\n<a href=\"#\" class=\"cmsms_button\"><span>Purchase<\/span><\/a>\n<\/div>\n<\/div>\n <div id=\"cmsms_pricing_item_69f435dfb332e7_19229353\" class=\"cmsms_pricing_item pricing_best\">\n<div class=\"cmsms_pricing_item_inner\">\n<h3 class=\"pricing_title\">Fan Zona<\/h3>\n<div class=\"cmsms_price_wrap\">\n<span class=\"cmsms_price\">200<\/span>\n<span class=\"cmsms_currency\">$<\/span>\n<\/div>\n<ul class=\"feature_list\">\n<li>Interview with the band<\/li>\n<li>Premium seats<\/li>\n<li><span class=\"feature_icon cmsms-icon-ok-2\">Photo with the band<\/span><\/li>\n<li><span class=\"feature_icon cmsms-icon-ok-2\">Exclusive autographs<\/span><\/li>\n<\/ul>\n<a href=\"#\" class=\"cmsms_button\"><span>Purchase<\/span><\/a>\n<\/div>\n<\/div>\n <div id=\"cmsms_pricing_item_69f435dfb34612_51281186\" class=\"cmsms_pricing_item\">\n<div class=\"cmsms_pricing_item_inner\">\n<h3 class=\"pricing_title\">Golden Zone<\/h3>\n<div class=\"cmsms_price_wrap\">\n<span class=\"cmsms_price\">350<\/span>\n<span class=\"cmsms_currency\">$<\/span>\n<\/div>\n<ul class=\"feature_list\">\n<li>Interview with the band<\/li>\n<li><span class=\"feature_icon cmsms-icon-ok-2\">Premium seats<\/span><\/li>\n<li><span class=\"feature_icon cmsms-icon-ok-2\">Photo with the band<\/span><\/li>\n<li><span class=\"feature_icon cmsms-icon-ok-2\">Exclusive autographs<\/span><\/li>\n<\/ul>\n<a href=\"#\" class=\"cmsms_button\"><span>Purchase<\/span><\/a>\n<\/div>\n<\/div>\n <div id=\"cmsms_pricing_item_69f435dfb357f9_52112702\" class=\"cmsms_pricing_item\">\n<div class=\"cmsms_pricing_item_inner\">\n<h3 class=\"pricing_title\">VIP Bilet<\/h3>\n<div class=\"cmsms_price_wrap\">\n<span class=\"cmsms_price\">500<\/span>\n<span class=\"cmsms_currency\">$<\/span>\n<\/div>\n<ul class=\"feature_list\">\n<li><span class=\"feature_icon cmsms-icon-ok-2\">Interview with the band<\/span><\/li>\n<li><span class=\"feature_icon cmsms-icon-ok-2\">Premium seats<\/span><\/li>\n<li><span class=\"feature_icon cmsms-icon-ok-2\">Photo with the band<\/span><\/li>\n<li><span class=\"feature_icon cmsms-icon-ok-2\">Exclusive autographs<\/span><\/li>\n<\/ul>\n<a href=\"#\" class=\"cmsms_button\"><span>Purchase<\/span><\/a>\n<\/div>\n<\/div>\n<\/div>\n<\/div>\n<\/div>\n<\/div>\n<\/div>\n<\/div>\n<\/div>\n\n","protected":false},"excerpt":{"rendered":"","protected":false},"author":2,"featured_media":0,"parent":0,"menu_order":0,"comment_status":"closed","ping_status":"closed","template":"","meta":{"_acf_changed":false,"footnotes":""},"class_list":["post-11263","page","type-page","status-publish","hentry"],"acf":[],"_links":{"self":[{"href":"https:\/\/tsei.ch\/az\/wp-json\/wp\/v2\/pages\/11263","targetHints":{"allow":["GET"]}}],"collection":[{"href":"https:\/\/tsei.ch\/az\/wp-json\/wp\/v2\/pages"}],"about":[{"href":"https:\/\/tsei.ch\/az\/wp-json\/wp\/v2\/types\/page"}],"author":[{"embeddable":true,"href":"https:\/\/tsei.ch\/az\/wp-json\/wp\/v2\/users\/2"}],"replies":[{"embeddable":true,"href":"https:\/\/tsei.ch\/az\/wp-json\/wp\/v2\/comments?post=11263"}],"version-history":[{"count":0,"href":"https:\/\/tsei.ch\/az\/wp-json\/wp\/v2\/pages\/11263\/revisions"}],"wp:attachment":[{"href":"https:\/\/tsei.ch\/az\/wp-json\/wp\/v2\/media?parent=11263"}],"curies":[{"name":"wp","href":"https:\/\/api.w.org\/{rel}","templated":true}]}}