{"id":11259,"date":"2023-11-06T15:27:44","date_gmt":"2023-11-06T14:27:44","guid":{"rendered":"https:\/\/tsei.ch\/biz%c9%99-qosul\/"},"modified":"2023-11-06T15:27:44","modified_gmt":"2023-11-06T14:27:44","slug":"biz%c9%99-qosul","status":"publish","type":"page","link":"https:\/\/tsei.ch\/az\/biz%c9%99-qosul\/","title":{"rendered":"Biz\u0259 qo\u015ful"},"content":{"rendered":"<style type=\"text\/css\"><\/style><p style=\"color:red;font-weight:bold;\">Bu s\u0259hif\u0259 v\u0259 m\u0259zmun siz\u0259 &#8220;Biz\u0259 Qo\u015fulun&#8221; s\u0259hif\u0259sinin nec\u0259 g\u00f6r\u00fcnm\u0259si bar\u0259d\u0259 \u0259sas fikir verm\u0259k \u00fc\u00e7\u00fcn avtomatik olaraq yarad\u0131lm\u0131\u015fd\u0131r. Bu s\u0259hif\u0259ni WordPress s\u0259hif\u0259 redaktorunuzdan redakt\u0259 etm\u0259kl\u0259 bu s\u0259hif\u0259ni ist\u0259diyiniz kimi f\u0259rdil\u0259\u015fdir\u0259 bil\u0259rsiniz.<\/p>\n<p style=\"font-weight:bold;\">\u018fg\u0259r bu s\u0259hif\u0259nin URL-ni d\u0259yi\u015fdirs\u0259niz, plaqinin parametrl\u0259r menyusunda URL d\u0259y\u0259rini yenil\u0259m\u0259yiniz\u0259 \u0259min olun.<\/p>\n<p style=\"border-top:1px solid #ccc;padding-top:10px;margin-top:10px;\">\n<p>\t\t\t<strong>Pulsuz \u00dczvl\u00fck<\/strong><br \/>\n\t\t\t<br \/>\n  Pulsuz \u00fczvl\u00fck m\u0259zmununa m\u0259hdudiyy\u0259tsiz giri\u015f \u0259ld\u0259 edirsiniz<br \/>\n\t\t\t<br \/>\n\t\t\t<em><strong>Qiym\u0259t: Pulsuz!<\/strong><\/em><\/p>\n<p>Ziyar\u0259t\u00e7il\u0259rinizin pulsuz \u00fczvl\u00fck hesab\u0131 yarada bilm\u0259sini ist\u0259yirsinizs\u0259, Qeydiyyat S\u0259hif\u0259sin\u0259 getm\u0259k \u00fc\u00e7\u00fcn a\u015fa\u011f\u0131dak\u0131 \u015f\u0259kli \u0259laq\u0259l\u0259ndirin<\/p>\n<p>\t\t\t<img decoding=\"async\" title=\"\u0130ndi qo\u015ful\" src=\"https:\/\/tsei.ch\/wp-content\/plugins\/simple-membership\/images\/join-now-button-image.gif\" alt=\"\u0130ndi Qo\u015ful D\u00fcym\u0259si\" width=\"277\" height=\"82\"><\/p>\n<p style=\"border-bottom:1px solid #ccc;padding-bottom:10px;margin-bottom:10px;\">\n<p><strong>Pulsuz \u00dczvl\u00fck \u00fc\u00e7\u00fcn qeydiyyatdan ke\u00e7\u0259 v\u0259 ya a\u015fa\u011f\u0131dak\u0131 \u00fczvl\u00fck se\u00e7iml\u0259rind\u0259n birini \u00f6d\u0259y\u0259 bil\u0259rsiniz<\/strong><\/p>\n<p style=\"border-top:1px solid #ccc;padding-top:10px;margin-top:10px;\">\n<p>  [ ==&gt; \u00d6d\u0259ni\u015fli \u00dczvl\u00fck S\u0259viyy\u0259l\u0259riniz \u00fc\u00e7\u00fcn \u00d6d\u0259ni\u015f D\u00fcym\u0259sini Bura daxil edin &lt;== ]  <\/p>\n<p style=\"border-bottom:1px solid #ccc;padding-bottom:10px;margin-bottom:10px;\">\n","protected":false},"excerpt":{"rendered":"<p>Bu s\u0259hif\u0259 v\u0259 m\u0259zmun siz\u0259 &#8220;Biz\u0259 Qo\u015fulun&#8221; s\u0259hif\u0259sinin nec\u0259 g\u00f6r\u00fcnm\u0259si bar\u0259d\u0259 \u0259sas fikir verm\u0259k \u00fc\u00e7\u00fcn avtomatik olaraq yarad\u0131lm\u0131\u015fd\u0131r. Bu s\u0259hif\u0259ni WordPress s\u0259hif\u0259 redaktorunuzdan redakt\u0259 etm\u0259kl\u0259 bu s\u0259hif\u0259ni ist\u0259diyiniz kimi f\u0259rdil\u0259\u015fdir\u0259&#8230;<\/p>\n","protected":false},"author":8,"featured_media":0,"parent":0,"menu_order":0,"comment_status":"closed","ping_status":"closed","template":"","meta":{"_acf_changed":false,"footnotes":""},"class_list":["post-11259","page","type-page","status-publish","hentry"],"acf":[],"_links":{"self":[{"href":"https:\/\/tsei.ch\/az\/wp-json\/wp\/v2\/pages\/11259","targetHints":{"allow":["GET"]}}],"collection":[{"href":"https:\/\/tsei.ch\/az\/wp-json\/wp\/v2\/pages"}],"about":[{"href":"https:\/\/tsei.ch\/az\/wp-json\/wp\/v2\/types\/page"}],"author":[{"embeddable":true,"href":"https:\/\/tsei.ch\/az\/wp-json\/wp\/v2\/users\/8"}],"replies":[{"embeddable":true,"href":"https:\/\/tsei.ch\/az\/wp-json\/wp\/v2\/comments?post=11259"}],"version-history":[{"count":0,"href":"https:\/\/tsei.ch\/az\/wp-json\/wp\/v2\/pages\/11259\/revisions"}],"wp:attachment":[{"href":"https:\/\/tsei.ch\/az\/wp-json\/wp\/v2\/media?parent=11259"}],"curies":[{"name":"wp","href":"https:\/\/api.w.org\/{rel}","templated":true}]}}