{"id":11226,"date":"2015-09-29T09:58:50","date_gmt":"2015-09-29T07:58:50","guid":{"rendered":"https:\/\/tsei.ch\/buraxilislar\/"},"modified":"2015-09-29T09:58:50","modified_gmt":"2015-09-29T07:58:50","slug":"buraxilislar","status":"publish","type":"page","link":"https:\/\/tsei.ch\/az\/buraxilislar\/","title":{"rendered":"Burax\u0131l\u0131\u015flar"},"content":{"rendered":"<style type=\"text\/css\"> \n#cmsms_row_69f606b0591730_54157796 { \n\tbackground-image: url(https:\/\/tsei.ch\/wp-content\/uploads\/2015\/05\/04.jpg); \n\tbackground-position: top center; \n\tbackground-repeat: no-repeat; \n\tbackground-attachment: scroll; \n\tbackground-size: cover; \n} \n\n#cmsms_row_69f606b0591730_54157796 .cmsms_row_outer_parent { \n\tpadding-top: 360px; \n} \n\n#cmsms_row_69f606b0591730_54157796 .cmsms_row_outer_parent { \n\tpadding-bottom: 400px; \n} \n\n#cmsms_row_69f606b0591730_54157796 .cmsms_row_overlay { \n\tbackground-color:rgba(10,10,10,0.5);\n} \n\n \n#cmsms_heading_69f606b0595769_73999607 { \n\ttext-align:center; \n\tmargin-top:0px; \n\tmargin-bottom:0px; \n} \n\n#cmsms_heading_69f606b0595769_73999607 .cmsms_heading { \n\ttext-align:center; \n} \n\n#cmsms_heading_69f606b0595769_73999607 .cmsms_heading, #cmsms_heading_69f606b0595769_73999607 .cmsms_heading a { \n\tfont-size:180px; \n\tline-height:220px; \n\tfont-weight:bold; \n\tfont-style:normal; \n\tcolor:#ffffff;\n} \n\n#cmsms_heading_69f606b0595769_73999607 .cmsms_heading_divider { \n} \n\n@media (max-width: 767px) {\n\n#cmsms_heading_69f606b0595769_73999607 .cmsms_heading, #cmsms_heading_69f606b0595769_73999607 .cmsms_heading a { \n\tfont-size:70px; \n\tline-height:90px; \n} \n\n} \n\n \n#cmsms_row_69f606b0596142_00361229 .cmsms_row_outer_parent { \n\tpadding-top: 100px; \n} \n\n#cmsms_row_69f606b0596142_00361229 .cmsms_row_outer_parent { \n\tpadding-bottom: 100px; \n} \n\n#cmsms_row_69f606b0596142_00361229 .cmsms_row_inner.cmsms_row_fullwidth { \n\tpadding-left:12%; \n} \n#cmsms_row_69f606b0596142_00361229 .cmsms_row_inner.cmsms_row_fullwidth { \n\tpadding-right:12%; \n} \n<\/style><div id=\"cmsms_row_69f606b0591730_54157796\" class=\"cmsms_row cmsms_color_scheme_default\" data-stellar-background-ratio=\"0.5\">\n<div class=\"cmsms_row_outer_parent\">\n<div class=\"cmsms_row_overlay\"><\/div>\n<div class=\"cmsms_row_outer\">\n<div class=\"cmsms_row_inner\">\n<div class=\"cmsms_row_margin\">\n<div class=\"cmsms_column one_first\">\n\n<div id=\"cmsms_heading_69f606b0595769_73999607\" class=\"cmsms_heading_wrap cmsms_heading_align_center\">\n\t<h1 class=\"cmsms_heading\">Burax\u0131l\u0131\u015flar<\/h1>\n<\/div>\n<\/div>\n<\/div>\n<\/div>\n<\/div>\n<\/div>\n<\/div>\n<div id=\"cmsms_row_69f606b0596142_00361229\" class=\"cmsms_row cmsms_color_scheme_default\">\n<div class=\"cmsms_row_outer_parent\">\n<div class=\"cmsms_row_outer\">\n<div class=\"cmsms_row_inner cmsms_row_fullwidth\">\n<div class=\"cmsms_row_margin\">\n<div class=\"cmsms_column one_first\">\n<div class=\"cmsms_wrap_portfolio entry-summary\" id=\"portfolio_69f606b0596c97_42507827\">\r\n<script type=\"text\/javascript\">\r\njQuery(document).ready(function () {\r\n\t(function ($) {\r\n\t\tif ($('#portfolio_69f606b0596c97_42507827').find('article').length == '0') {\r\n\t\t\treturn false;\r\n\t\t}\r\n\t\t\r\n\t\r\n\t\tstartPortfolio( \r\n\t\t\t'69f606b0596c97_42507827', \r\n\t\t\t'puzzle', \r\n\t\t\t'perfect', \r\n\t\t\t'https:\/\/tsei.ch\/wp-content\/plugins\/cmsms-content-composer\/', \r\n\t\t\t'date', \r\n\t\t\t'ASC', \r\n\t\t\t'10', \r\n\t\t\t'', \r\n\t\t\t'title,categories,comments,likes,rollover' \r\n\t\t);\r\n\t} )(jQuery);\r\n} );\r\n<\/script>\r\n<div class=\"portfolio puzzle zero_gap perfect\"><\/div><div class=\"cmsms_wrap_more_projects cmsms_wrap_more_items\"><\/div><\/div>\n<\/div>\n<\/div>\n<\/div>\n<\/div>\n<\/div>\n<\/div>\n\n","protected":false},"excerpt":{"rendered":"","protected":false},"author":2,"featured_media":0,"parent":0,"menu_order":0,"comment_status":"closed","ping_status":"closed","template":"","meta":{"_acf_changed":false,"footnotes":""},"class_list":["post-11226","page","type-page","status-publish","hentry"],"acf":[],"_links":{"self":[{"href":"https:\/\/tsei.ch\/az\/wp-json\/wp\/v2\/pages\/11226","targetHints":{"allow":["GET"]}}],"collection":[{"href":"https:\/\/tsei.ch\/az\/wp-json\/wp\/v2\/pages"}],"about":[{"href":"https:\/\/tsei.ch\/az\/wp-json\/wp\/v2\/types\/page"}],"author":[{"embeddable":true,"href":"https:\/\/tsei.ch\/az\/wp-json\/wp\/v2\/users\/2"}],"replies":[{"embeddable":true,"href":"https:\/\/tsei.ch\/az\/wp-json\/wp\/v2\/comments?post=11226"}],"version-history":[{"count":0,"href":"https:\/\/tsei.ch\/az\/wp-json\/wp\/v2\/pages\/11226\/revisions"}],"wp:attachment":[{"href":"https:\/\/tsei.ch\/az\/wp-json\/wp\/v2\/media?parent=11226"}],"curies":[{"name":"wp","href":"https:\/\/api.w.org\/{rel}","templated":true}]}}