{"id":11224,"date":"2015-09-29T09:59:03","date_gmt":"2015-09-29T07:59:03","guid":{"rendered":"https:\/\/tsei.ch\/tur-tarixl%c9%99ri\/"},"modified":"2015-09-29T09:59:03","modified_gmt":"2015-09-29T07:59:03","slug":"tur-tarixl%c9%99ri","status":"publish","type":"page","link":"https:\/\/tsei.ch\/az\/tur-tarixl%c9%99ri\/","title":{"rendered":"Tur tarixl\u0259ri"},"content":{"rendered":"<style type=\"text\/css\"> \n#cmsms_row_69e0eaa60b6e99_77974573 { \n\tbackground-image: url(https:\/\/tsei.ch\/wp-content\/uploads\/2015\/05\/05.jpg); \n\tbackground-position: top center; \n\tbackground-repeat: no-repeat; \n\tbackground-attachment: scroll; \n\tbackground-size: cover; \n} \n\n#cmsms_row_69e0eaa60b6e99_77974573 .cmsms_row_outer_parent { \n\tpadding-top: 360px; \n} \n\n#cmsms_row_69e0eaa60b6e99_77974573 .cmsms_row_outer_parent { \n\tpadding-bottom: 400px; \n} \n\n \n#cmsms_heading_69e0eaa60bbca5_68760752 { \n\ttext-align:center; \n\tmargin-top:0px; \n\tmargin-bottom:0px; \n} \n\n#cmsms_heading_69e0eaa60bbca5_68760752 .cmsms_heading { \n\ttext-align:center; \n} \n\n#cmsms_heading_69e0eaa60bbca5_68760752 .cmsms_heading, #cmsms_heading_69e0eaa60bbca5_68760752 .cmsms_heading a { \n\tfont-size:200px; \n\tline-height:220px; \n\tfont-weight:bold; \n\tfont-style:normal; \n\tcolor:#ffffff;\n} \n\n#cmsms_heading_69e0eaa60bbca5_68760752 .cmsms_heading_divider { \n} \n\n@media (max-width: 767px) {\n\n#cmsms_heading_69e0eaa60bbca5_68760752 .cmsms_heading, #cmsms_heading_69e0eaa60bbca5_68760752 .cmsms_heading a { \n\tfont-size:90px; \n\tline-height:100px; \n} \n\n} \n\n \n#cmsms_row_69e0eaa60bc6d2_75636270 .cmsms_row_outer_parent { \n\tpadding-top: 90px; \n} \n\n#cmsms_row_69e0eaa60bc6d2_75636270 .cmsms_row_outer_parent { \n\tpadding-bottom: 80px; \n} \n\n \n#cmsms_row_69e0eaa60be4d7_66197873 { \n\tbackground-color:#fff001;\n} \n\n#cmsms_row_69e0eaa60be4d7_66197873 .cmsms_row_outer_parent { \n\tpadding-top: 80px; \n} \n\n#cmsms_row_69e0eaa60be4d7_66197873 .cmsms_row_outer_parent { \n\tpadding-bottom: 70px; \n} \n\n \n#cmsms_heading_69e0eaa60bfca7_63677547 { \n\ttext-align:left; \n\tmargin-top:0px; \n\tmargin-bottom:15px; \n} \n\n#cmsms_heading_69e0eaa60bfca7_63677547 .cmsms_heading { \n\ttext-align:left; \n} \n\n#cmsms_heading_69e0eaa60bfca7_63677547 .cmsms_heading, #cmsms_heading_69e0eaa60bfca7_63677547 .cmsms_heading a { \n\tfont-weight:bold; \n\tfont-style:normal; \n} \n\n#cmsms_heading_69e0eaa60bfca7_63677547 .cmsms_heading_divider { \n} \n\n \n#cmsms_divider_69e0eaa60c1078_82505134 { \n\tborder-bottom-width:0px; \n\tborder-bottom-style:solid; \n\tpadding-top:30px; \n\tmargin-bottom:0px; \n} \n\n#cmsms_button_69e0eaa60c1522_26678897 { \n\ttext-align:center; \n} \n\n#cmsms_button_69e0eaa60c1522_26678897 .cmsms_button:before { \n\tmargin-right:.5em; \n\tmargin-left:0; \n\tvertical-align:baseline; \n} \n\n#cmsms_button_69e0eaa60c1522_26678897 .cmsms_button { \n\tfont-size:20px; \n\tline-height:40px; \n\tfont-weight:bold; \n\tfont-style:normal; \n\tpadding-right:30px; \n\tpadding-left:30px; \n\tborder-style:solid; \n\tbackground-color:rgba(153,153,153,0);\n} \n#cmsms_button_69e0eaa60c1522_26678897 .cmsms_button:hover { \n\tbackground-color:#111111;\n\tcolor:#ffffff;\n\tborder-color:#111111;\n} \n<\/style><div id=\"cmsms_row_69e0eaa60b6e99_77974573\" class=\"cmsms_row cmsms_color_scheme_default\" data-stellar-background-ratio=\"0.5\">\n<div class=\"cmsms_row_outer_parent\">\n<div class=\"cmsms_row_outer\">\n<div class=\"cmsms_row_inner\">\n<div class=\"cmsms_row_margin\">\n<div class=\"cmsms_column one_first\">\n\n<div id=\"cmsms_heading_69e0eaa60bbca5_68760752\" class=\"cmsms_heading_wrap cmsms_heading_align_center\">\n\t<h1 class=\"cmsms_heading\">TUR 2017<\/h1>\n<\/div>\n<\/div>\n<\/div>\n<\/div>\n<\/div>\n<\/div>\n<\/div>\n<div id=\"cmsms_row_69e0eaa60bc6d2_75636270\" class=\"cmsms_row cmsms_color_scheme_default\">\n<div class=\"cmsms_row_outer_parent\">\n<div class=\"cmsms_row_outer\">\n<div class=\"cmsms_row_inner\">\n<div class=\"cmsms_row_margin\">\n<div class=\"cmsms_column one_half\">\n<div class=\"cmsms_sidebar sidebar_layout_11\"><div class=\"cl\"><\/div>\n<\/div>\n<\/div>\n<div class=\"cmsms_column one_half\">\n<div class=\"cmsms_sidebar sidebar_layout_11\"><div class=\"cl\"><\/div>\n<\/div>\n<\/div>\n<\/div>\n<\/div>\n<\/div>\n<\/div>\n<\/div>\n<div id=\"cmsms_row_69e0eaa60be4d7_66197873\" class=\"cmsms_row cmsms_color_scheme_default\">\n<div class=\"cmsms_row_outer_parent\">\n<div class=\"cmsms_row_outer\">\n<div class=\"cmsms_row_inner\">\n<div class=\"cmsms_row_margin\">\n<div class=\"cmsms_column two_third\">\n\n<div id=\"cmsms_heading_69e0eaa60bfca7_63677547\" class=\"cmsms_heading_wrap cmsms_heading_align_left\">\n\t<h2 class=\"cmsms_heading\">ONLINE B\u0130LET REZERVASYON ED\u0130N!<\/h2>\n<\/div><div class=\"cmsms_text\">\n<p style=\"text-align: left;\"><strong><a href=\"http:\/\/music-band.cmsmasters.net\/music-videos\/#\">YouTube<\/a><\/strong> v\u0259 <strong><a href=\"http:\/\/music-band.cmsmasters.net\/music-videos\/#\">Vimeo-<\/a><\/strong> da musiqi video kanal\u0131m\u0131za abun\u0259 olma\u011f\u0131 unutmay\u0131n v\u0259 t\u0259z\u0259 olanlar\u0131 ilk siz izl\u0259yin&nbsp; The Band t\u0259r\u0259find\u0259n hitl\u0259r!&nbsp; R\u0259q\u0259msal musiqinin y\u00fcks\u0259li\u015fi s\u0259n\u0259tin \u0259n b\u00f6y\u00fck k\u0259tanlar\u0131ndan birini t\u0259hdid edir.<\/p>\n<\/div>\n<\/div>\n<div class=\"cmsms_column one_third\">\n\n<div id=\"cmsms_divider_69e0eaa60c1078_82505134\" class=\"cl\"><\/div>\n<div id=\"cmsms_button_69e0eaa60c1522_26678897\" class=\"button_wrap\"><a href=\"http:\/\/music-band.cmsmasters.net\/tickets\/\" class=\"cmsms_button\"><span>biletimi bron edin!<\/span><\/a><\/div>\n<\/div>\n<\/div>\n<\/div>\n<\/div>\n<\/div>\n<\/div>\n\n","protected":false},"excerpt":{"rendered":"","protected":false},"author":2,"featured_media":0,"parent":0,"menu_order":0,"comment_status":"closed","ping_status":"closed","template":"","meta":{"_acf_changed":false,"footnotes":""},"class_list":["post-11224","page","type-page","status-publish","hentry"],"acf":[],"_links":{"self":[{"href":"https:\/\/tsei.ch\/az\/wp-json\/wp\/v2\/pages\/11224","targetHints":{"allow":["GET"]}}],"collection":[{"href":"https:\/\/tsei.ch\/az\/wp-json\/wp\/v2\/pages"}],"about":[{"href":"https:\/\/tsei.ch\/az\/wp-json\/wp\/v2\/types\/page"}],"author":[{"embeddable":true,"href":"https:\/\/tsei.ch\/az\/wp-json\/wp\/v2\/users\/2"}],"replies":[{"embeddable":true,"href":"https:\/\/tsei.ch\/az\/wp-json\/wp\/v2\/comments?post=11224"}],"version-history":[{"count":0,"href":"https:\/\/tsei.ch\/az\/wp-json\/wp\/v2\/pages\/11224\/revisions"}],"wp:attachment":[{"href":"https:\/\/tsei.ch\/az\/wp-json\/wp\/v2\/media?parent=11224"}],"curies":[{"name":"wp","href":"https:\/\/api.w.org\/{rel}","templated":true}]}}