{"id":11158,"date":"2020-05-05T14:00:25","date_gmt":"2020-05-05T12:00:25","guid":{"rendered":"https:\/\/tsei.ch\/esas-s%c9%99hif%c9%99\/"},"modified":"2020-05-05T14:00:25","modified_gmt":"2020-05-05T12:00:25","slug":"esas-s%c9%99hif%c9%99","status":"publish","type":"page","link":"https:\/\/tsei.ch\/az\/esas-s%c9%99hif%c9%99\/","title":{"rendered":"\u018fsas s\u0259hif\u0259"},"content":{"rendered":"<style type=\"text\/css\"><\/style><div id=\"cmsms_row_69e182bc868d32_97509387\" class=\"cmsms_row cmsms_color_scheme_default\">\n<div class=\"cmsms_row_outer_parent\">\n<div class=\"cmsms_row_outer\">\n<div class=\"cmsms_row_inner\">\n<div class=\"cmsms_row_margin\">\n<div class=\"cmsms_column one_first\">\n<div class=\"cmsms_text\">\n<h2>bizim haqq\u0131m\u0131zda<\/h2>\n<p>2013-c\u00fc ild\u0259; M\u0259d\u0259ni d\u0259y\u0259rl\u0259rimizi ya\u015fatmaq, ya\u015fatmaq v\u0259 yeni n\u0259sill\u0259r\u0259 \u00f6t\u00fcrm\u0259k \u00fc\u00e7\u00fcn yarad\u0131lm\u0131\u015fd\u0131r. Bu anlay\u0131\u015fla bir araya g\u0259l\u0259n insanlarla b\u0259dii f\u0259aliyy\u0259tl\u0259r t\u0259\u015fkil ed\u0259r\u0259k, \u00f6yr\u0259nm\u0259k, t\u0259tbiq etm\u0259k, \u00f6yr\u0259tm\u0259k v\u0259 m\u0259d\u0259niyy\u0259timizi geni\u015f k\u00fctl\u0259l\u0259r\u0259 yaymaq m\u0259ntiqi il\u0259 bir t\u0259hsil d\u00f6vr\u00fc yaratmaq m\u0259qs\u0259di da\u015f\u0131y\u0131r.<\/p>\n<p>M\u0259qs\u0259dl\u0259ri aras\u0131nda b\u0259dii f\u0259aliyy\u0259tl\u0259rd\u0259 h\u0259m sosial \u00f6l\u00e7\u00fcy\u0259, h\u0259m d\u0259 t\u0259hsil \u00f6l\u00e7\u00fcs\u00fcn\u0259 \u00f6n\u0259m ver\u0259r\u0259k insanlar v\u0259 m\u0259d\u0259niyy\u0259tl\u0259r aras\u0131nda h\u0259mr\u0259yliyi art\u0131rmaqd\u0131r. Musiqi, Xalq R\u0259qsl\u0259ri, R\u0259ssaml\u0131q v\u0259 Ebru S\u0259n\u0259ti, Al\u0259t Kurslar\u0131, Nota, Solfecio v\u0259 San d\u0259rsl\u0259ri verilir.<\/p>\n<p>B\u00fct\u00fcn bu x\u00fcsusiyy\u0259tl\u0259ri il\u0259 \u0130sve\u00e7r\u0259 T\u00fcrk \u0130nc\u0259s\u0259n\u0259t \u0130nstitutu \u0130sve\u00e7r\u0259d\u0259 bir ilkdir.<\/p>\n<p>&nbsp;<\/p>\n<\/div>\n<\/div>\n<\/div>\n<\/div>\n<\/div>\n<\/div>\n<\/div>\n\n","protected":false},"excerpt":{"rendered":"","protected":false},"author":2,"featured_media":0,"parent":0,"menu_order":0,"comment_status":"closed","ping_status":"closed","template":"","meta":{"_acf_changed":false,"footnotes":""},"class_list":["post-11158","page","type-page","status-publish","hentry"],"acf":[],"_links":{"self":[{"href":"https:\/\/tsei.ch\/az\/wp-json\/wp\/v2\/pages\/11158","targetHints":{"allow":["GET"]}}],"collection":[{"href":"https:\/\/tsei.ch\/az\/wp-json\/wp\/v2\/pages"}],"about":[{"href":"https:\/\/tsei.ch\/az\/wp-json\/wp\/v2\/types\/page"}],"author":[{"embeddable":true,"href":"https:\/\/tsei.ch\/az\/wp-json\/wp\/v2\/users\/2"}],"replies":[{"embeddable":true,"href":"https:\/\/tsei.ch\/az\/wp-json\/wp\/v2\/comments?post=11158"}],"version-history":[{"count":0,"href":"https:\/\/tsei.ch\/az\/wp-json\/wp\/v2\/pages\/11158\/revisions"}],"wp:attachment":[{"href":"https:\/\/tsei.ch\/az\/wp-json\/wp\/v2\/media?parent=11158"}],"curies":[{"name":"wp","href":"https:\/\/api.w.org\/{rel}","templated":true}]}}